{"id":3086,"date":"2026-03-06T12:41:45","date_gmt":"2026-03-06T09:41:45","guid":{"rendered":"https:\/\/gardenofsun.com\/?page_id=3086"},"modified":"2026-03-06T12:41:45","modified_gmt":"2026-03-06T09:41:45","slug":"%d0%b7%d0%b0%d0%ba%d0%be%d0%bd-%d0%be-%d0%b7%d0%b0%d1%89%d0%b8%d1%82%d0%b5-%d0%bf%d0%b5%d1%80%d1%81%d0%be%d0%bd%d0%b0%d0%bb%d1%8c%d0%bd%d1%8b%d1%85-%d0%b4%d0%b0%d0%bd%d0%bd%d1%8b%d1%85","status":"publish","type":"page","link":"https:\/\/gardenofsun.com\/ru\/%d0%b7%d0%b0%d0%ba%d0%be%d0%bd-%d0%be-%d0%b7%d0%b0%d1%89%d0%b8%d1%82%d0%b5-%d0%bf%d0%b5%d1%80%d1%81%d0%be%d0%bd%d0%b0%d0%bb%d1%8c%d0%bd%d1%8b%d1%85-%d0%b4%d0%b0%d0%bd%d0%bd%d1%8b%d1%85\/","title":{"rendered":"\u0417\u0430\u043a\u043e\u043d \u043e \u0437\u0430\u0449\u0438\u0442\u0435 \u043f\u0435\u0440\u0441\u043e\u043d\u0430\u043b\u044c\u043d\u044b\u0445 \u0434\u0430\u043d\u043d\u044b\u0445"},"content":{"rendered":"<p>[vc_row][vc_column][vc_column_text]\u041f\u041e\u041b\u0418\u0422\u0418\u041a\u0410 \u041a\u041e\u041d\u0424\u0418\u0414\u0415\u041d\u0426\u0418\u0410\u041b\u042c\u041d\u041e\u0421\u0422\u0418 \u0412\u0415\u0411-\u0421\u0410\u0419\u0422\u0410<\/p>\n<p>\u041f\u0440\u0438 \u043f\u043e\u0441\u0435\u0449\u0435\u043d\u0438\u0438 \u0434\u0430\u043d\u043d\u043e\u0433\u043e \u0432\u0435\u0431-\u0441\u0430\u0439\u0442\u0430 \u0438 \u0438\u0441\u043f\u043e\u043b\u044c\u0437\u043e\u0432\u0430\u043d\u0438\u0438 \u043f\u0440\u0435\u0434\u043b\u0430\u0433\u0430\u0435\u043c\u044b\u0445 \u0447\u0435\u0440\u0435\u0437 \u043d\u0435\u0433\u043e \u043f\u0440\u043e\u0434\u0443\u043a\u0442\u043e\u0432 \u0438 \u0443\u0441\u043b\u0443\u0433 \u0438\u0441\u043f\u043e\u043b\u044c\u0437\u043e\u0432\u0430\u043d\u0438\u0435 \u0438 \u0437\u0430\u0449\u0438\u0442\u0430 \u043f\u043e\u043b\u0443\u0447\u0435\u043d\u043d\u043e\u0439 \u043e \u0432\u0430\u0441 \u0438\u043d\u0444\u043e\u0440\u043c\u0430\u0446\u0438\u0438 \u0440\u0435\u0433\u0443\u043b\u0438\u0440\u0443\u044e\u0442\u0441\u044f \u0443\u0441\u043b\u043e\u0432\u0438\u044f\u043c\u0438 \u043d\u0430\u0441\u0442\u043e\u044f\u0449\u0435\u0439 \u00ab\u041f\u043e\u043b\u0438\u0442\u0438\u043a\u0438 \u043a\u043e\u043d\u0444\u0438\u0434\u0435\u043d\u0446\u0438\u0430\u043b\u044c\u043d\u043e\u0441\u0442\u0438\u00bb. \u041f\u043e\u0441\u0435\u0449\u0430\u044f \u0441\u0430\u0439\u0442 \u0438 \u0437\u0430\u043f\u0440\u0430\u0448\u0438\u0432\u0430\u044f \u0443\u0441\u043b\u0443\u0433\u0438, \u0432\u044b \u043f\u0440\u0438\u043d\u0438\u043c\u0430\u0435\u0442\u0435 \u0434\u0430\u043d\u043d\u044b\u0435 \u0443\u0441\u043b\u043e\u0432\u0438\u044f.<\/p>\n<ol>\n<li>\u0426\u0435\u043b\u044c \u043f\u043e\u043b\u0438\u0442\u0438\u043a\u0438 \u043f\u043e \u0437\u0430\u0449\u0438\u0442\u0435 \u0438 \u043e\u0431\u0440\u0430\u0431\u043e\u0442\u043a\u0435 \u043f\u0435\u0440\u0441\u043e\u043d\u0430\u043b\u044c\u043d\u044b\u0445 \u0434\u0430\u043d\u043d\u044b\u0445<br \/>\n\u0412 \u0441\u0432\u044f\u0437\u0438 \u0441 \u0445\u0430\u0440\u0430\u043a\u0442\u0435\u0440\u043e\u043c \u043d\u0430\u0448\u0435\u0439 \u0434\u0435\u044f\u0442\u0435\u043b\u044c\u043d\u043e\u0441\u0442\u0438 \u0434\u0430\u043d\u043d\u044b\u0435, \u043f\u043e\u043b\u0443\u0447\u0435\u043d\u043d\u044b\u0435 \u043e\u0442 \u0433\u043e\u0441\u0442\u0435\u0439 \u0438\u043b\u0438 \u043f\u043e\u0442\u0435\u043d\u0446\u0438\u0430\u043b\u044c\u043d\u044b\u0445 \u0433\u043e\u0441\u0442\u0435\u0439 \u043a\u043e\u043c\u043f\u0430\u043d\u0438\u0435\u0439 KARP\u0130EN \u0130N\u015eAAT SAN VE T\u0130CARET LTD. STI., \u0432\u0441\u0435\u0433\u0434\u0430 \u0441\u043e\u0445\u0440\u0430\u043d\u044f\u043b\u0438\u0441\u044c \u0432 \u043a\u043e\u043d\u0444\u0438\u0434\u0435\u043d\u0446\u0438\u0430\u043b\u044c\u043d\u043e\u0441\u0442\u0438 \u0438 \u043d\u0435 \u043f\u0435\u0440\u0435\u0434\u0430\u0432\u0430\u043b\u0438\u0441\u044c \u0442\u0440\u0435\u0442\u044c\u0438\u043c \u043b\u0438\u0446\u0430\u043c. \u041c\u044b \u043e\u0431\u044f\u0437\u0443\u0435\u043c\u0441\u044f \u0441\u043e\u0431\u043b\u044e\u0434\u0430\u0442\u044c \u0417\u0430\u043a\u043e\u043d \u2116 6698 \u00ab\u041e \u0437\u0430\u0449\u0438\u0442\u0435 \u043f\u0435\u0440\u0441\u043e\u043d\u0430\u043b\u044c\u043d\u044b\u0445 \u0434\u0430\u043d\u043d\u044b\u0445\u00bb (KVKK). \u0414\u0430\u043d\u043d\u044b\u0435 \u043f\u0440\u0438\u043d\u0446\u0438\u043f\u044b \u0440\u0430\u0441\u043f\u0440\u043e\u0441\u0442\u0440\u0430\u043d\u044f\u044e\u0442\u0441\u044f \u0438 \u043d\u0430 \u043d\u0430\u0448\u0438 \u0434\u043e\u0447\u0435\u0440\u043d\u0438\u0435 \u043a\u043e\u043c\u043f\u0430\u043d\u0438\u0438.<\/li>\n<li>\u041e\u0431\u044a\u0435\u043c \u0438 \u0438\u0437\u043c\u0435\u043d\u0435\u043d\u0438\u0435 \u043f\u043e\u043b\u0438\u0442\u0438\u043a\u0438<br \/>\n\u041f\u043e\u043b\u0438\u0442\u0438\u043a\u0430 \u043f\u043e\u0434\u0433\u043e\u0442\u043e\u0432\u043b\u0435\u043d\u0430 \u0432 \u0441\u043e\u043e\u0442\u0432\u0435\u0442\u0441\u0442\u0432\u0438\u0438 \u0441 KVKK. \u0414\u0430\u043d\u043d\u044b\u0435, \u043f\u043e\u043b\u0443\u0447\u0435\u043d\u043d\u044b\u0435 \u0441 \u0432\u0430\u0448\u0435\u0433\u043e \u0441\u043e\u0433\u043b\u0430\u0441\u0438\u044f \u0438\u043b\u0438 \u043d\u0430 \u0438\u043d\u044b\u0445 \u0437\u0430\u043a\u043e\u043d\u043d\u044b\u0445 \u043e\u0441\u043d\u043e\u0432\u0430\u043d\u0438\u044f\u0445, \u0438\u0441\u043f\u043e\u043b\u044c\u0437\u0443\u044e\u0442\u0441\u044f \u0434\u043b\u044f \u0443\u043b\u0443\u0447\u0448\u0435\u043d\u0438\u044f \u043a\u0430\u0447\u0435\u0441\u0442\u0432\u0430 \u043f\u0440\u0435\u0434\u043e\u0441\u0442\u0430\u0432\u043b\u044f\u0435\u043c\u044b\u0445 \u0443\u0441\u043b\u0443\u0433. \u0427\u0430\u0441\u0442\u044c \u0434\u0430\u043d\u043d\u044b\u0445 \u043e\u0431\u0435\u0437\u043b\u0438\u0447\u0438\u0432\u0430\u0435\u0442\u0441\u044f \u0438 \u0438\u0441\u043f\u043e\u043b\u044c\u0437\u0443\u0435\u0442\u0441\u044f \u0432 \u0441\u0442\u0430\u0442\u0438\u0441\u0442\u0438\u0447\u0435\u0441\u043a\u0438\u0445 \u0446\u0435\u043b\u044f\u0445. \u041a\u043e\u043c\u043f\u0430\u043d\u0438\u044f \u043e\u0441\u0442\u0430\u0432\u043b\u044f\u0435\u0442 \u0437\u0430 \u0441\u043e\u0431\u043e\u0439 \u043f\u0440\u0430\u0432\u043e \u0432\u043d\u043e\u0441\u0438\u0442\u044c \u0438\u0437\u043c\u0435\u043d\u0435\u043d\u0438\u044f \u0432 \u043f\u043e\u043b\u0438\u0442\u0438\u043a\u0443.<\/li>\n<\/ol>\n<p>III. \u041e\u0441\u043d\u043e\u0432\u043d\u044b\u0435 \u043f\u0440\u0438\u043d\u0446\u0438\u043f\u044b \u043e\u0431\u0440\u0430\u0431\u043e\u0442\u043a\u0438<br \/>\n\u2013 \u0417\u0430\u043a\u043e\u043d\u043d\u043e\u0441\u0442\u044c \u0438 \u0434\u043e\u0431\u0440\u043e\u0441\u043e\u0432\u0435\u0441\u0442\u043d\u043e\u0441\u0442\u044c<br \/>\n\u2013 \u0414\u043e\u0441\u0442\u043e\u0432\u0435\u0440\u043d\u043e\u0441\u0442\u044c \u0438 \u0430\u043a\u0442\u0443\u0430\u043b\u044c\u043d\u043e\u0441\u0442\u044c<br \/>\n\u2013 \u041e\u043f\u0440\u0435\u0434\u0435\u043b\u0435\u043d\u043d\u043e\u0441\u0442\u044c \u0438 \u0437\u0430\u043a\u043e\u043d\u043d\u043e\u0441\u0442\u044c \u0446\u0435\u043b\u0435\u0439<br \/>\n\u2013 \u0421\u043e\u0440\u0430\u0437\u043c\u0435\u0440\u043d\u043e\u0441\u0442\u044c \u0438 \u043e\u0433\u0440\u0430\u043d\u0438\u0447\u0435\u043d\u043d\u043e\u0441\u0442\u044c \u0446\u0435\u043b\u044c\u044e<br \/>\n\u2013 \u0425\u0440\u0430\u043d\u0435\u043d\u0438\u0435 \u0432 \u0442\u0435\u0447\u0435\u043d\u0438\u0435 \u0443\u0441\u0442\u0430\u043d\u043e\u0432\u043b\u0435\u043d\u043d\u043e\u0433\u043e \u0437\u0430\u043a\u043e\u043d\u043e\u043c \u0441\u0440\u043e\u043a\u0430<\/p>\n<p>\u041f\u0440\u0430\u0432\u0430 \u0441\u0443\u0431\u044a\u0435\u043a\u0442\u0430 \u0434\u0430\u043d\u043d\u044b\u0445 \u0432\u043a\u043b\u044e\u0447\u0430\u044e\u0442:<br \/>\n\u2013 \u043f\u043e\u043b\u0443\u0447\u0435\u043d\u0438\u0435 \u0438\u043d\u0444\u043e\u0440\u043c\u0430\u0446\u0438\u0438 \u043e \u0444\u0430\u043a\u0442\u0435 \u043e\u0431\u0440\u0430\u0431\u043e\u0442\u043a\u0438,<br \/>\n\u2013 \u0437\u0430\u043f\u0440\u043e\u0441 \u0441\u0432\u0435\u0434\u0435\u043d\u0438\u0439 \u043e\u0431 \u043e\u0431\u0440\u0430\u0431\u043e\u0442\u043a\u0435,<br \/>\n\u2013 \u0437\u043d\u0430\u043d\u0438\u0435 \u0446\u0435\u043b\u0438 \u043e\u0431\u0440\u0430\u0431\u043e\u0442\u043a\u0438,<br \/>\n\u2013 \u0437\u043d\u0430\u043d\u0438\u0435 \u0442\u0440\u0435\u0442\u044c\u0438\u0445 \u043b\u0438\u0446, \u043a\u043e\u0442\u043e\u0440\u044b\u043c \u043f\u0435\u0440\u0435\u0434\u0430\u043d\u044b \u0434\u0430\u043d\u043d\u044b\u0435,<br \/>\n\u2013 \u0442\u0440\u0435\u0431\u043e\u0432\u0430\u043d\u0438\u0435 \u0438\u0441\u043f\u0440\u0430\u0432\u043b\u0435\u043d\u0438\u044f,<br \/>\n\u2013 \u0442\u0440\u0435\u0431\u043e\u0432\u0430\u043d\u0438\u0435 \u0443\u0434\u0430\u043b\u0435\u043d\u0438\u044f \u0438\u043b\u0438 \u0443\u043d\u0438\u0447\u0442\u043e\u0436\u0435\u043d\u0438\u044f,<br \/>\n\u2013 \u0442\u0440\u0435\u0431\u043e\u0432\u0430\u043d\u0438\u0435 \u0443\u0432\u0435\u0434\u043e\u043c\u043b\u0435\u043d\u0438\u044f \u0442\u0440\u0435\u0442\u044c\u0438\u0445 \u043b\u0438\u0446,<br \/>\n\u2013 \u0432\u043e\u0437\u0440\u0430\u0436\u0435\u043d\u0438\u0435 \u043f\u0440\u043e\u0442\u0438\u0432 \u0430\u0432\u0442\u043e\u043c\u0430\u0442\u0438\u0437\u0438\u0440\u043e\u0432\u0430\u043d\u043d\u043e\u0433\u043e \u0430\u043d\u0430\u043b\u0438\u0437\u0430,<br \/>\n\u2013 \u0442\u0440\u0435\u0431\u043e\u0432\u0430\u043d\u0438\u0435 \u043a\u043e\u043c\u043f\u0435\u043d\u0441\u0430\u0446\u0438\u0438 \u0443\u0449\u0435\u0440\u0431\u0430.<\/p>\n<p>\u041f\u0440\u0438\u043d\u0446\u0438\u043f \u043c\u0438\u043d\u0438\u043c\u0438\u0437\u0430\u0446\u0438\u0438 \u0434\u0430\u043d\u043d\u044b\u0445<br \/>\n\u041e\u0431\u0440\u0430\u0431\u0430\u0442\u044b\u0432\u0430\u044e\u0442\u0441\u044f \u0442\u043e\u043b\u044c\u043a\u043e \u043d\u0435\u043e\u0431\u0445\u043e\u0434\u0438\u043c\u044b\u0435 \u0434\u0430\u043d\u043d\u044b\u0435. \u0418\u0437\u0431\u044b\u0442\u043e\u0447\u043d\u044b\u0435 \u0434\u0430\u043d\u043d\u044b\u0435 \u0443\u0434\u0430\u043b\u044f\u044e\u0442\u0441\u044f \u0438\u043b\u0438 \u043e\u0431\u0435\u0437\u043b\u0438\u0447\u0438\u0432\u0430\u044e\u0442\u0441\u044f.<\/p>\n<p>\u0423\u0434\u0430\u043b\u0435\u043d\u0438\u0435 \u0434\u0430\u043d\u043d\u044b\u0445<br \/>\n\u041f\u043e \u0438\u0441\u0442\u0435\u0447\u0435\u043d\u0438\u0438 \u0441\u0440\u043e\u043a\u043e\u0432 \u0445\u0440\u0430\u043d\u0435\u043d\u0438\u044f \u0434\u0430\u043d\u043d\u044b\u0435 \u0443\u0434\u0430\u043b\u044f\u044e\u0442\u0441\u044f, \u0443\u043d\u0438\u0447\u0442\u043e\u0436\u0430\u044e\u0442\u0441\u044f \u0438\u043b\u0438 \u043e\u0431\u0435\u0437\u043b\u0438\u0447\u0438\u0432\u0430\u044e\u0442\u0441\u044f.<\/p>\n<p>\u041a\u043e\u043d\u0444\u0438\u0434\u0435\u043d\u0446\u0438\u0430\u043b\u044c\u043d\u043e\u0441\u0442\u044c \u0438 \u0431\u0435\u0437\u043e\u043f\u0430\u0441\u043d\u043e\u0441\u0442\u044c<br \/>\n\u041f\u0435\u0440\u0441\u043e\u043d\u0430\u043b\u044c\u043d\u044b\u0435 \u0434\u0430\u043d\u043d\u044b\u0435 \u044f\u0432\u043b\u044f\u044e\u0442\u0441\u044f \u043a\u043e\u043d\u0444\u0438\u0434\u0435\u043d\u0446\u0438\u0430\u043b\u044c\u043d\u044b\u043c\u0438. \u041f\u0440\u0438\u043d\u0438\u043c\u0430\u044e\u0442\u0441\u044f \u0432\u0441\u0435 \u043d\u0435\u043e\u0431\u0445\u043e\u0434\u0438\u043c\u044b\u0435 \u0442\u0435\u0445\u043d\u0438\u0447\u0435\u0441\u043a\u0438\u0435 \u0438 \u0430\u0434\u043c\u0438\u043d\u0438\u0441\u0442\u0440\u0430\u0442\u0438\u0432\u043d\u044b\u0435 \u043c\u0435\u0440\u044b \u0437\u0430\u0449\u0438\u0442\u044b.<\/p>\n<p>\u0426\u0435\u043b\u0438 \u043e\u0431\u0440\u0430\u0431\u043e\u0442\u043a\u0438<br \/>\n\u0414\u0430\u043d\u043d\u044b\u0435 \u043e\u0431\u0440\u0430\u0431\u0430\u0442\u044b\u0432\u0430\u044e\u0442\u0441\u044f \u0434\u043b\u044f \u0437\u0430\u043a\u043b\u044e\u0447\u0435\u043d\u0438\u044f \u0434\u043e\u0433\u043e\u0432\u043e\u0440\u0430 \u0438 \u043e\u0431\u0435\u0441\u043f\u0435\u0447\u0435\u043d\u0438\u044f \u0431\u043e\u043b\u0435\u0435 \u043a\u0430\u0447\u0435\u0441\u0442\u0432\u0435\u043d\u043d\u043e\u0433\u043e \u043e\u0431\u0441\u043b\u0443\u0436\u0438\u0432\u0430\u043d\u0438\u044f.<\/p>\n<p>\u041f\u0435\u0440\u0435\u0434\u0430\u0447\u0430 \u0434\u0430\u043d\u043d\u044b\u0445<br \/>\n\u0414\u0430\u043d\u043d\u044b\u0435 \u043c\u043e\u0433\u0443\u0442 \u043f\u0435\u0440\u0435\u0434\u0430\u0432\u0430\u0442\u044c\u0441\u044f \u0434\u0435\u043b\u043e\u0432\u044b\u043c \u043f\u0430\u0440\u0442\u043d\u0451\u0440\u0430\u043c, \u043f\u043e\u0441\u0442\u0430\u0432\u0449\u0438\u043a\u0430\u043c \u0438 \u0430\u0444\u0444\u0438\u043b\u0438\u0440\u043e\u0432\u0430\u043d\u043d\u044b\u043c \u043a\u043e\u043c\u043f\u0430\u043d\u0438\u044f\u043c \u0432 \u0441\u043e\u043e\u0442\u0432\u0435\u0442\u0441\u0442\u0432\u0438\u0438 \u0441 \u0437\u0430\u043a\u043e\u043d\u043e\u0434\u0430\u0442\u0435\u043b\u044c\u0441\u0442\u0432\u043e\u043c \u0438 \u043f\u0440\u0438 \u043d\u0430\u043b\u0438\u0447\u0438\u0438 \u0441\u043e\u0433\u043b\u0430\u0441\u0438\u044f.<\/p>\n<p>\u041f\u0440\u0430\u0432\u0430 \u0441\u0443\u0431\u044a\u0435\u043a\u0442\u0430 \u0434\u0430\u043d\u043d\u044b\u0445<br \/>\n\u0417\u0430\u043f\u0440\u043e\u0441\u044b \u0440\u0430\u0441\u0441\u043c\u0430\u0442\u0440\u0438\u0432\u0430\u044e\u0442\u0441\u044f \u0432 \u0442\u0435\u0447\u0435\u043d\u0438\u0435 \u043d\u0435 \u0431\u043e\u043b\u0435\u0435 30 \u0434\u043d\u0435\u0439.<\/p>\n<p>\u041f\u0440\u0438\u043d\u0446\u0438\u043f \u043a\u043e\u043d\u0444\u0438\u0434\u0435\u043d\u0446\u0438\u0430\u043b\u044c\u043d\u043e\u0441\u0442\u0438<br \/>\n\u0414\u0430\u043d\u043d\u044b\u0435 \u043d\u0435 \u043c\u043e\u0433\u0443\u0442 \u0438\u0441\u043f\u043e\u043b\u044c\u0437\u043e\u0432\u0430\u0442\u044c\u0441\u044f \u0432\u043d\u0435 \u0437\u0430\u043a\u043e\u043d\u043d\u044b\u0445 \u043e\u0441\u043d\u043e\u0432\u0430\u043d\u0438\u0439.<\/p>\n<p>\u0411\u0435\u0437\u043e\u043f\u0430\u0441\u043d\u043e\u0441\u0442\u044c \u043e\u0431\u0440\u0430\u0431\u043e\u0442\u043a\u0438 \u0438 \u043a\u043e\u043d\u0442\u0440\u043e\u043b\u044c<br \/>\n\u041c\u0435\u0440\u044b \u0431\u0435\u0437\u043e\u043f\u0430\u0441\u043d\u043e\u0441\u0442\u0438 \u0440\u0435\u0433\u0443\u043b\u044f\u0440\u043d\u043e \u043e\u0431\u043d\u043e\u0432\u043b\u044f\u044e\u0442\u0441\u044f \u0438 \u043f\u0440\u043e\u0432\u0435\u0440\u044f\u044e\u0442\u0441\u044f.<\/p>\n<p>\u0423\u0432\u0435\u0434\u043e\u043c\u043b\u0435\u043d\u0438\u0435 \u043e \u043d\u0430\u0440\u0443\u0448\u0435\u043d\u0438\u044f\u0445<br \/>\n\u0412 \u0441\u043b\u0443\u0447\u0430\u0435 \u043d\u0430\u0440\u0443\u0448\u0435\u043d\u0438\u044f \u043a\u043e\u043c\u043f\u0430\u043d\u0438\u044f \u043d\u0435\u0437\u0430\u043c\u0435\u0434\u043b\u0438\u0442\u0435\u043b\u044c\u043d\u043e \u043f\u0440\u0438\u043d\u0438\u043c\u0430\u0435\u0442 \u043c\u0435\u0440\u044b \u0438 \u0443\u0432\u0435\u0434\u043e\u043c\u043b\u044f\u0435\u0442 \u043a\u043e\u043c\u043f\u0435\u0442\u0435\u043d\u0442\u043d\u044b\u0439 \u043e\u0440\u0433\u0430\u043d.<\/p>\n<p>\u041a\u043e\u043d\u0442\u0430\u043a\u0442\u044b<br \/>\nKARP\u0130EN \u0130N\u015eAAT SAN VE T\u0130CARET LTD. STI.<br \/>\nGarden of Sun Hotel<br \/>\n\u00c7aml\u0131k Mah. Karadeniz Cad. 548 Sok. No:2 Didim, Ayd\u0131n<br \/>\n\u0422\u0435\u043b: +90 (256) 813 64 04<br \/>\n\u0424\u0430\u043a\u0441: +90 (256) 813 64 01<br \/>\nE-mail: muhasebe@gardenofsun.com.tr<br \/>\n<a href=\"http:\/\/www.gardenofsun.com.tr\">www.gardenofsun.com.tr<\/a><\/p>\n<p>[\/vc_column_text][\/vc_column][\/vc_row]<\/p>\n","protected":false},"excerpt":{"rendered":"<p>[vc_row][vc_column][vc_column_text]\u041f\u041e\u041b\u0418\u0422\u0418\u041a\u0410 \u041a\u041e\u041d\u0424\u0418\u0414\u0415\u041d\u0426\u0418\u0410\u041b\u042c\u041d\u041e\u0421\u0422\u0418 \u0412\u0415\u0411-\u0421\u0410\u0419\u0422\u0410 \u041f\u0440\u0438 \u043f\u043e\u0441\u0435\u0449\u0435\u043d\u0438\u0438 \u0434\u0430\u043d\u043d\u043e\u0433\u043e \u0432\u0435\u0431-\u0441\u0430\u0439\u0442\u0430 \u0438 \u0438\u0441\u043f\u043e\u043b\u044c\u0437\u043e\u0432\u0430\u043d\u0438\u0438 \u043f\u0440\u0435\u0434\u043b\u0430\u0433\u0430\u0435\u043c\u044b\u0445 \u0447\u0435\u0440\u0435\u0437 \u043d\u0435\u0433\u043e \u043f\u0440\u043e\u0434\u0443\u043a\u0442\u043e\u0432 \u0438 \u0443\u0441\u043b\u0443\u0433 \u0438\u0441\u043f\u043e\u043b\u044c\u0437\u043e\u0432\u0430\u043d\u0438\u0435 \u0438 \u0437\u0430\u0449\u0438\u0442\u0430 \u043f\u043e\u043b\u0443\u0447\u0435\u043d\u043d\u043e\u0439 \u043e \u0432\u0430\u0441 \u0438\u043d\u0444\u043e\u0440\u043c\u0430\u0446\u0438\u0438 \u0440\u0435\u0433\u0443\u043b\u0438\u0440\u0443\u044e\u0442\u0441\u044f \u0443\u0441\u043b\u043e\u0432\u0438\u044f\u043c\u0438 \u043d\u0430\u0441\u0442\u043e\u044f\u0449\u0435\u0439 \u00ab\u041f\u043e\u043b\u0438\u0442\u0438\u043a\u0438 \u043a\u043e\u043d\u0444\u0438\u0434\u0435\u043d\u0446\u0438\u0430\u043b\u044c\u043d\u043e\u0441\u0442\u0438\u00bb. \u041f\u043e\u0441\u0435\u0449\u0430\u044f \u0441\u0430\u0439\u0442 \u0438 \u0437\u0430\u043f\u0440\u0430\u0448\u0438\u0432\u0430\u044f \u0443\u0441\u043b\u0443\u0433\u0438, \u0432\u044b \u043f\u0440\u0438\u043d\u0438\u043c\u0430\u0435\u0442\u0435 \u0434\u0430\u043d\u043d\u044b\u0435 \u0443\u0441\u043b\u043e\u0432\u0438\u044f. \u0426\u0435\u043b\u044c \u043f\u043e\u043b\u0438\u0442\u0438\u043a\u0438 \u043f\u043e \u0437\u0430\u0449\u0438\u0442\u0435 \u0438 \u043e\u0431\u0440\u0430\u0431\u043e\u0442\u043a\u0435 \u043f\u0435\u0440\u0441\u043e\u043d\u0430\u043b\u044c\u043d\u044b\u0445 \u0434\u0430\u043d\u043d\u044b\u0445 \u0412 \u0441\u0432\u044f\u0437\u0438 \u0441 \u0445\u0430\u0440\u0430\u043a\u0442\u0435\u0440\u043e\u043c \u043d\u0430\u0448\u0435\u0439 \u0434\u0435\u044f\u0442\u0435\u043b\u044c\u043d\u043e\u0441\u0442\u0438 \u0434\u0430\u043d\u043d\u044b\u0435, \u043f\u043e\u043b\u0443\u0447\u0435\u043d\u043d\u044b\u0435 \u043e\u0442 \u0433\u043e\u0441\u0442\u0435\u0439 \u0438\u043b\u0438<\/p>\n<a href=\"https:\/\/gardenofsun.com\/ru\/%d0%b7%d0%b0%d0%ba%d0%be%d0%bd-%d0%be-%d0%b7%d0%b0%d1%89%d0%b8%d1%82%d0%b5-%d0%bf%d0%b5%d1%80%d1%81%d0%be%d0%bd%d0%b0%d0%bb%d1%8c%d0%bd%d1%8b%d1%85-%d0%b4%d0%b0%d0%bd%d0%bd%d1%8b%d1%85\/\" class=\"sohohotel-more-link\">Read More<i class=\"fa fa-angle-right\"><\/i><\/a>","protected":false},"author":3,"featured_media":0,"parent":0,"menu_order":0,"comment_status":"closed","ping_status":"closed","template":"","meta":{"footnotes":""},"class_list":["post-3086","page","type-page","status-publish","hentry"],"_links":{"self":[{"href":"https:\/\/gardenofsun.com\/ru\/wp-json\/wp\/v2\/pages\/3086\/"}],"collection":[{"href":"https:\/\/gardenofsun.com\/ru\/wp-json\/wp\/v2\/pages\/"}],"about":[{"href":"https:\/\/gardenofsun.com\/ru\/wp-json\/wp\/v2\/types\/page\/"}],"author":[{"embeddable":true,"href":"https:\/\/gardenofsun.com\/ru\/wp-json\/wp\/v2\/users\/3\/"}],"replies":[{"embeddable":true,"href":"https:\/\/gardenofsun.com\/ru\/wp-json\/wp\/v2\/comments\/?post=3086"}],"version-history":[{"count":1,"href":"https:\/\/gardenofsun.com\/ru\/wp-json\/wp\/v2\/pages\/3086\/revisions\/"}],"predecessor-version":[{"id":3087,"href":"https:\/\/gardenofsun.com\/ru\/wp-json\/wp\/v2\/pages\/3086\/revisions\/3087\/"}],"wp:attachment":[{"href":"https:\/\/gardenofsun.com\/ru\/wp-json\/wp\/v2\/media\/?parent=3086"}],"curies":[{"name":"wp","href":"https:\/\/api.w.org\/{rel}","templated":true}]}}