{"id":1861,"date":"2025-01-09T14:35:55","date_gmt":"2025-01-09T11:35:55","guid":{"rendered":"https:\/\/gardenofsun.com\/?page_id=1861"},"modified":"2025-01-09T14:35:55","modified_gmt":"2025-01-09T11:35:55","slug":"%d0%bd%d0%b0%d1%88%d0%b0-%d0%bf%d0%be%d0%bb%d0%b8%d1%82%d0%b8%d0%ba%d0%b0","status":"publish","type":"page","link":"https:\/\/gardenofsun.com\/ru\/%d0%bd%d0%b0%d1%88%d0%b0-%d0%bf%d0%be%d0%bb%d0%b8%d1%82%d0%b8%d0%ba%d0%b0\/","title":{"rendered":"\u041d\u0430\u0448\u0430 \u043f\u043e\u043b\u0438\u0442\u0438\u043a\u0430"},"content":{"rendered":"<p>[vc_row][vc_column][vc_column_text]<\/p>\n<ul>\n<li><a href=\"http:\/\/gardenofsun.com\/wp-content\/uploads\/2025\/01\/POL.GG-GIDA-GUVENLIGI-POLITIKASI.pdf\">POL.GG-GIDA G\u00dcVENL\u0130\u011e\u0130 POL\u0130T\u0130KASI<\/a><\/li>\n<li><a href=\"http:\/\/gardenofsun.com\/wp-content\/uploads\/2025\/01\/POL.ISG-IS-SAGLIGI-GUVENLIGI-POLITIKASI.pdf\">POL.\u0130SG-\u0130\u015e SA\u011eLI\u011eI G\u00dcVENL\u0130\u011e\u0130 POL\u0130T\u0130KASI<\/a><\/li>\n<li><a href=\"http:\/\/gardenofsun.com\/wp-content\/uploads\/2025\/01\/POL.KY-01-KALITE-POLITIKASI.pdf\">POL.KY-01 KAL\u0130TE POL\u0130T\u0130KASI<\/a><\/li>\n<li><a href=\"http:\/\/gardenofsun.com\/wp-content\/uploads\/2025\/01\/POL.KY-02-MISAFIR-MEMNUNIYETI-POLITIKASI.pdf\">POL.KY-02 M\u0130SAF\u0130R MEMNUN\u0130YET\u0130 POL\u0130T\u0130KASI<\/a><\/li>\n<li><a href=\"http:\/\/gardenofsun.com\/wp-content\/uploads\/2025\/01\/POL.KY-03-INSAN-KAYNAKLARI-POLITIKASI.pdf\">POL.KY-03 \u0130NSAN KAYNAKLARI POL\u0130T\u0130KASI<\/a><\/li>\n<li><a href=\"http:\/\/gardenofsun.com\/wp-content\/uploads\/2025\/01\/POL.ST-01-SURDURULEBILIRLIK-POLITIKASI.pdf\">POL.ST-01 S\u00dcRD\u00dcR\u00dcLEB\u0130L\u0130RL\u0130K POL\u0130T\u0130KASI<\/a><\/li>\n<li><a href=\"http:\/\/gardenofsun.com\/wp-content\/uploads\/2025\/01\/POL.ST-02-SURDURULEBILIR-SATIN-ALMA-POLITIKASI.pdf\">POL.ST-02 S\u00dcRD\u00dcR\u00dcLEB\u0130L\u0130R SATIN ALMA POL\u0130T\u0130KASI<\/a><\/li>\n<li><a href=\"http:\/\/gardenofsun.com\/wp-content\/uploads\/2025\/01\/POL.ST-03-CEVRE-KORUMA-ATIK-YONETIMI-POLITIKASI.pdf\">POL.ST-03 \u00c7EVRE KORUMA ATIK Y\u00d6NET\u0130M\u0130 POL\u0130T\u0130KASI<\/a><\/li>\n<li><a href=\"http:\/\/gardenofsun.com\/wp-content\/uploads\/2025\/01\/POL.ST-04-KADIN-HAKLARI-VE-CINSIYET-ESITLIGI-POLITIKASI.pdf\">POL.ST-04 KADIN HAKLARI VE C\u0130NS\u0130YET E\u015e\u0130TL\u0130\u011e\u0130 POL\u0130T\u0130KASI<\/a><\/li>\n<li><a href=\"http:\/\/gardenofsun.com\/wp-content\/uploads\/2025\/01\/POL.ST-05-COCUK-HAKLARI-POLITIKASI.pdf\">POL.ST-05 \u00c7OCUK HAKLARI POL\u0130T\u0130KASI<\/a><\/li>\n<li><a href=\"http:\/\/gardenofsun.com\/wp-content\/uploads\/2025\/01\/POL.ST-06-ENERJI-VERIMLILIGI-POLITIKASI.pdf\">POL.ST-06 ENERJ\u0130 VER\u0130ML\u0130L\u0130\u011e\u0130 POL\u0130T\u0130KASI<\/a><\/li>\n<\/ul>\n<p>[\/vc_column_text][\/vc_column][\/vc_row]<\/p>\n","protected":false},"excerpt":{"rendered":"<p>[vc_row][vc_column][vc_column_text] POL.GG-GIDA G\u00dcVENL\u0130\u011e\u0130 POL\u0130T\u0130KASI POL.\u0130SG-\u0130\u015e SA\u011eLI\u011eI G\u00dcVENL\u0130\u011e\u0130 POL\u0130T\u0130KASI POL.KY-01 KAL\u0130TE POL\u0130T\u0130KASI POL.KY-02 M\u0130SAF\u0130R MEMNUN\u0130YET\u0130 POL\u0130T\u0130KASI POL.KY-03 \u0130NSAN KAYNAKLARI POL\u0130T\u0130KASI POL.ST-01 S\u00dcRD\u00dcR\u00dcLEB\u0130L\u0130RL\u0130K POL\u0130T\u0130KASI POL.ST-02 S\u00dcRD\u00dcR\u00dcLEB\u0130L\u0130R SATIN ALMA POL\u0130T\u0130KASI POL.ST-03 \u00c7EVRE KORUMA ATIK Y\u00d6NET\u0130M\u0130 POL\u0130T\u0130KASI POL.ST-04 KADIN HAKLARI VE C\u0130NS\u0130YET E\u015e\u0130TL\u0130\u011e\u0130 POL\u0130T\u0130KASI POL.ST-05 \u00c7OCUK HAKLARI POL\u0130T\u0130KASI POL.ST-06 ENERJ\u0130 VER\u0130ML\u0130L\u0130\u011e\u0130 POL\u0130T\u0130KASI [\/vc_column_text][\/vc_column][\/vc_row]<\/p>\n<a href=\"https:\/\/gardenofsun.com\/ru\/%d0%bd%d0%b0%d1%88%d0%b0-%d0%bf%d0%be%d0%bb%d0%b8%d1%82%d0%b8%d0%ba%d0%b0\/\" class=\"sohohotel-more-link\">Read More<i class=\"fa fa-angle-right\"><\/i><\/a>","protected":false},"author":3,"featured_media":0,"parent":0,"menu_order":0,"comment_status":"closed","ping_status":"closed","template":"","meta":{"footnotes":""},"class_list":["post-1861","page","type-page","status-publish","hentry"],"_links":{"self":[{"href":"https:\/\/gardenofsun.com\/ru\/wp-json\/wp\/v2\/pages\/1861\/"}],"collection":[{"href":"https:\/\/gardenofsun.com\/ru\/wp-json\/wp\/v2\/pages\/"}],"about":[{"href":"https:\/\/gardenofsun.com\/ru\/wp-json\/wp\/v2\/types\/page\/"}],"author":[{"embeddable":true,"href":"https:\/\/gardenofsun.com\/ru\/wp-json\/wp\/v2\/users\/3\/"}],"replies":[{"embeddable":true,"href":"https:\/\/gardenofsun.com\/ru\/wp-json\/wp\/v2\/comments\/?post=1861"}],"version-history":[{"count":1,"href":"https:\/\/gardenofsun.com\/ru\/wp-json\/wp\/v2\/pages\/1861\/revisions\/"}],"predecessor-version":[{"id":1862,"href":"https:\/\/gardenofsun.com\/ru\/wp-json\/wp\/v2\/pages\/1861\/revisions\/1862\/"}],"wp:attachment":[{"href":"https:\/\/gardenofsun.com\/ru\/wp-json\/wp\/v2\/media\/?parent=1861"}],"curies":[{"name":"wp","href":"https:\/\/api.w.org\/{rel}","templated":true}]}}