{"id":703,"date":"2021-05-08T14:56:59","date_gmt":"2021-05-08T11:56:59","guid":{"rendered":"http:\/\/gardenofsun.com\/hakkimizda\/"},"modified":"2026-02-27T16:48:36","modified_gmt":"2026-02-27T13:48:36","slug":"ueber-uns","status":"publish","type":"page","link":"https:\/\/gardenofsun.com\/de\/ueber-uns\/","title":{"rendered":"\u00dcber Uns"},"content":{"rendered":"<p>[vc_row][vc_column width=&#8221;1\/2&#8243;]<div class=\"sohohotel-title3 sohohotel-title-color\"><h4>GARDEN OF SUN<\/h4><\/div>[vc_column_text]Unser Hotel liegt 7 km vom Stadtzentrum von Didim und 1 km vom Strand von Altinkum entfernt und wurde 2006 in Betrieb genommen. Mit einer Gesamtkapazit\u00e4t von 245 Zimmern und 650 Betten dient das Garden Of Sun Hotel unseren gesch\u00e4tzten G\u00e4sten mit Lobby und Rezeption, Restaurants und Bars, Konferenzr\u00e4umen, Innen- und Au\u00dfenpools, Kinderbecken und Rutschen.<\/p>\n<p>Nur wenige Gehminuten vom weltber\u00fchmten Altinkum-Strand entfernt, bietet unser Hotel eine exklusive All-Inclusive-Unterkunft. Ein unvergesslicher Urlaub mit dem Komforterlebnis eines 5-Sterne-Hotels im Garden Of Sun Hotel, in dem jedes Detail ber\u00fccksichtigt wird, damit Sie einen komfortablen und angenehmen Urlaub verbringen k\u00f6nnen![\/vc_column_text][vc_empty_space][\/vc_column][vc_column width=&#8221;1\/2&#8243;][vc_gallery type=&#8221;flexslider_slide&#8221; interval=&#8221;3&#8243; images=&#8221;338,339,340&#8243; img_size=&#8221;full&#8221;][vc_empty_space][\/vc_column][\/vc_row]<\/p>\n","protected":false},"excerpt":{"rendered":"<p>[vc_row][vc_column width=&#8221;1\/2&#8243;][vc_column_text]Unser Hotel liegt 7 km vom Stadtzentrum von Didim und 1 km vom Strand von Altinkum entfernt und wurde 2006 in Betrieb genommen. Mit einer Gesamtkapazit\u00e4t von 245 Zimmern und 650 Betten dient das Garden Of Sun Hotel unseren gesch\u00e4tzten G\u00e4sten mit Lobby und Rezeption, Restaurants und Bars, Konferenzr\u00e4umen, Innen- und Au\u00dfenpools, Kinderbecken und<\/p>\n<a href=\"https:\/\/gardenofsun.com\/de\/ueber-uns\/\" class=\"sohohotel-more-link\">Read More<i class=\"fa fa-angle-right\"><\/i><\/a>","protected":false},"author":1,"featured_media":0,"parent":0,"menu_order":0,"comment_status":"closed","ping_status":"closed","template":"","meta":{"footnotes":""},"class_list":["post-703","page","type-page","status-publish","hentry"],"_links":{"self":[{"href":"https:\/\/gardenofsun.com\/de\/wp-json\/wp\/v2\/pages\/703\/"}],"collection":[{"href":"https:\/\/gardenofsun.com\/de\/wp-json\/wp\/v2\/pages\/"}],"about":[{"href":"https:\/\/gardenofsun.com\/de\/wp-json\/wp\/v2\/types\/page\/"}],"author":[{"embeddable":true,"href":"https:\/\/gardenofsun.com\/de\/wp-json\/wp\/v2\/users\/1\/"}],"replies":[{"embeddable":true,"href":"https:\/\/gardenofsun.com\/de\/wp-json\/wp\/v2\/comments\/?post=703"}],"version-history":[{"count":10,"href":"https:\/\/gardenofsun.com\/de\/wp-json\/wp\/v2\/pages\/703\/revisions\/"}],"predecessor-version":[{"id":3004,"href":"https:\/\/gardenofsun.com\/de\/wp-json\/wp\/v2\/pages\/703\/revisions\/3004\/"}],"wp:attachment":[{"href":"https:\/\/gardenofsun.com\/de\/wp-json\/wp\/v2\/media\/?parent=703"}],"curies":[{"name":"wp","href":"https:\/\/api.w.org\/{rel}","templated":true}]}}