{"id":696,"date":"2021-05-08T14:57:05","date_gmt":"2021-05-08T11:57:05","guid":{"rendered":"http:\/\/gardenofsun.com\/iletisim\/"},"modified":"2021-11-06T12:36:47","modified_gmt":"2021-11-06T09:36:47","slug":"kontakt","status":"publish","type":"page","link":"https:\/\/gardenofsun.com\/de\/kontakt\/","title":{"rendered":"Kontakt"},"content":{"rendered":"<p>[vc_row][vc_column width=&#8221;1\/2&#8243;]<div class=\"sohohotel-title3 sohohotel-title-color\"><h4>Kontaktieren sie uns!<\/h4><\/div>[vc_column_text]Informieren Sie sich schnell und zuverl\u00e4ssig \u00fcber Ihren pers\u00f6nlichen Assistenten, der Ihnen ganz nach Ihren Urlaubserwartungen und -anspr\u00fcchen einen besonderen Service bieten wird.[\/vc_column_text]\n<div class=\"wpcf7 no-js\" id=\"wpcf7-f1084-o1\" lang=\"en-US\" dir=\"ltr\" data-wpcf7-id=\"1084\">\n<div class=\"screen-reader-response\"><p role=\"status\" aria-live=\"polite\" aria-atomic=\"true\"><\/p> <ul><\/ul><\/div>\n<form action=\"\/de\/wp-json\/wp\/v2\/pages\/696\/#wpcf7-f1084-o1\" method=\"post\" class=\"wpcf7-form init\" aria-label=\"Contact form\" novalidate=\"novalidate\" data-status=\"init\">\n<fieldset class=\"hidden-fields-container\"><input type=\"hidden\" name=\"_wpcf7\" value=\"1084\" \/><input type=\"hidden\" name=\"_wpcf7_version\" value=\"6.1.5\" \/><input type=\"hidden\" name=\"_wpcf7_locale\" value=\"en_US\" \/><input type=\"hidden\" name=\"_wpcf7_unit_tag\" value=\"wpcf7-f1084-o1\" \/><input type=\"hidden\" name=\"_wpcf7_container_post\" value=\"0\" \/><input type=\"hidden\" name=\"_wpcf7_posted_data_hash\" value=\"\" \/>\n<\/fieldset>\n<p><label>Dein Name<span>*<\/span><\/label><span class=\"wpcf7-form-control-wrap\" data-name=\"your-name\"><input size=\"40\" maxlength=\"400\" class=\"wpcf7-form-control wpcf7-text wpcf7-validates-as-required\" aria-required=\"true\" aria-invalid=\"false\" value=\"\" type=\"text\" name=\"your-name\" \/><\/span><label>Deine E-Mail address <span>*<\/span><\/label><span class=\"wpcf7-form-control-wrap\" data-name=\"your-email\"><input size=\"40\" maxlength=\"400\" class=\"wpcf7-form-control wpcf7-email wpcf7-validates-as-required wpcf7-text wpcf7-validates-as-email\" aria-required=\"true\" aria-invalid=\"false\" value=\"\" type=\"email\" name=\"your-email\" \/><\/span><label>Gegenstand<\/label><span class=\"wpcf7-form-control-wrap\" data-name=\"your-subject\"><input size=\"40\" maxlength=\"400\" class=\"wpcf7-form-control wpcf7-text\" aria-invalid=\"false\" value=\"\" type=\"text\" name=\"your-subject\" \/><\/span><label>Nachricht<span>*<\/span><\/label><span class=\"wpcf7-form-control-wrap\" data-name=\"your-message\"><textarea cols=\"40\" rows=\"10\" maxlength=\"2000\" class=\"wpcf7-form-control wpcf7-textarea wpcf7-validates-as-required sohohotel-cf7-form1\" aria-required=\"true\" aria-invalid=\"false\" name=\"your-message\"><\/textarea><\/span><input class=\"wpcf7-form-control wpcf7-submit has-spinner\" type=\"submit\" value=\"Senden\" \/>\n<\/p><p style=\"display: none !important;\" class=\"akismet-fields-container\" data-prefix=\"_wpcf7_ak_\"><label>&#916;<textarea name=\"_wpcf7_ak_hp_textarea\" cols=\"45\" rows=\"8\" maxlength=\"100\"><\/textarea><\/label><input type=\"hidden\" id=\"ak_js_1\" name=\"_wpcf7_ak_js\" value=\"136\"\/><script>document.getElementById( \"ak_js_1\" ).setAttribute( \"value\", ( new Date() ).getTime() );<\/script><\/p><input type='hidden' class='wpcf7-pum' value='{\"closepopup\":false,\"closedelay\":0,\"openpopup\":false,\"openpopup_id\":0}' \/><div class=\"wpcf7-response-output\" aria-hidden=\"true\"><\/div>\n<\/form>\n<\/div>\n[vc_empty_space height=&#8221;40px&#8221;][\/vc_column][vc_column width=&#8221;1\/2&#8243;]<div class=\"sohohotel-title3 sohohotel-title-color\"><h4>Kontakt Info<\/h4><\/div><ul class=\"sohohotel-contact-details-list\"><li class=\"sohohotel-address clearfix\">\u00c7aml\u0131k Mahallesi Karadeniz Caddesi 548 Sokak No:2 Didim \/ Ayd\u0131n \/ T\u00fcrkei<\/li><li class=\"sohohotel-phone clearfix\">0256 645 01 60<\/li><li class=\"sohohotel-email clearfix\"><a href=\"mailto:info@gardenofsun.com.tr\">info@gardenofsun.com.tr<\/a><\/li><\/ul>[vc_column_text]<strong>Flughafen:<\/strong> Bodrum (70 km), Izmir (140 km)<\/p>\n<p><strong>N\u00e4chste Siedlung: <\/strong>Didim (1000 m)<\/p>\n<p><strong>N\u00e4chstes Stadtzentrum: <\/strong>Didim (1000 m)<\/p>\n<p><strong>N\u00e4chstes Krankenhaus: <\/strong>Privatkrankenhaus (1000 mt)<\/p>\n<p><strong>Strand: <\/strong>400 Meter (kostenloser Shuttle)<\/p>\n<p><strong>Transport: <\/strong>Vor dem Hotel fahren alle 15 Minuten Minibusse nach Didim.<\/p>\n<p><strong>Taxi: <\/strong>Taxiservice rund um die Uhr verf\u00fcgbar[\/vc_column_text][vc_empty_space height=&#8221;40px&#8221;][\/vc_column][\/vc_row][vc_row][vc_column][vc_column_text]<iframe loading=\"lazy\" style=\"border: 0;\" src=\"https:\/\/www.google.com\/maps\/embed?pb=!1m14!1m8!1m3!1d12687.157917425404!2d27.2652877!3d37.3474924!3m2!1i1024!2i768!4f13.1!3m3!1m2!1s0x0%3A0x742b79a1e8c58534!2sGarden%20Of%20Sun%20Hotel!5e0!3m2!1str!2str!4v1620475620555!5m2!1str!2str\" width=\"100%\" height=\"450\" allowfullscreen=\"allowfullscreen\"><\/iframe>[\/vc_column_text][\/vc_column][\/vc_row]<\/p>\n","protected":false},"excerpt":{"rendered":"<p>[vc_row][vc_column width=&#8221;1\/2&#8243;][vc_column_text]Informieren Sie sich schnell und zuverl\u00e4ssig \u00fcber Ihren pers\u00f6nlichen Assistenten, der Ihnen ganz nach Ihren Urlaubserwartungen und -anspr\u00fcchen einen besonderen Service bieten wird.[\/vc_column_text][vc_empty_space height=&#8221;40px&#8221;][\/vc_column][vc_column width=&#8221;1\/2&#8243;][vc_column_text]Flughafen: Bodrum (70 km), Izmir (140 km) N\u00e4chste Siedlung: Didim (1000 m) N\u00e4chstes Stadtzentrum: Didim (1000 m) N\u00e4chstes Krankenhaus: Privatkrankenhaus (1000 mt) Strand: 400 Meter (kostenloser Shuttle) Transport: Vor dem<\/p>\n<a href=\"https:\/\/gardenofsun.com\/de\/kontakt\/\" class=\"sohohotel-more-link\">Read More<i class=\"fa fa-angle-right\"><\/i><\/a>","protected":false},"author":1,"featured_media":0,"parent":0,"menu_order":0,"comment_status":"closed","ping_status":"closed","template":"","meta":{"footnotes":""},"class_list":["post-696","page","type-page","status-publish","hentry"],"_links":{"self":[{"href":"https:\/\/gardenofsun.com\/de\/wp-json\/wp\/v2\/pages\/696\/"}],"collection":[{"href":"https:\/\/gardenofsun.com\/de\/wp-json\/wp\/v2\/pages\/"}],"about":[{"href":"https:\/\/gardenofsun.com\/de\/wp-json\/wp\/v2\/types\/page\/"}],"author":[{"embeddable":true,"href":"https:\/\/gardenofsun.com\/de\/wp-json\/wp\/v2\/users\/1\/"}],"replies":[{"embeddable":true,"href":"https:\/\/gardenofsun.com\/de\/wp-json\/wp\/v2\/comments\/?post=696"}],"version-history":[{"count":3,"href":"https:\/\/gardenofsun.com\/de\/wp-json\/wp\/v2\/pages\/696\/revisions\/"}],"predecessor-version":[{"id":2982,"href":"https:\/\/gardenofsun.com\/de\/wp-json\/wp\/v2\/pages\/696\/revisions\/2982\/"}],"wp:attachment":[{"href":"https:\/\/gardenofsun.com\/de\/wp-json\/wp\/v2\/media\/?parent=696"}],"curies":[{"name":"wp","href":"https:\/\/api.w.org\/{rel}","templated":true}]}}