{"id":676,"date":"2021-05-08T17:10:41","date_gmt":"2021-05-08T14:10:41","guid":{"rendered":"http:\/\/gardenofsun.com\/hizmetlerimiz\/"},"modified":"2026-02-27T15:06:58","modified_gmt":"2026-02-27T12:06:58","slug":"unsere-dienstleistungen","status":"publish","type":"page","link":"https:\/\/gardenofsun.com\/de\/unsere-dienstleistungen\/","title":{"rendered":"Unsere Dienstleistungen"},"content":{"rendered":"<p>[vc_row][vc_column width=&#8221;2\/3&#8243;]<div class=\"sohohotel-title3 sohohotel-title-color\"><h4>Garden Of Sun Dienstleistungen<\/h4><\/div>[vc_column_text]Garden Of Sun Dienstleistungen<br \/>\nVon den sportlichen Aktivit\u00e4ten bis zum Spielzimmer, vom spa-Zentrum bis zum T\u00fcrkischen Bad, vom Kinderspielplatz bis hin zu Tag-und Nachtaktivit\u00e4ten erwarten Sie w\u00e4hrend Ihres Urlaubs im Garden of Sun Hotel viele Aktivit\u00e4ten. Vergessen Sie nicht unsere anderen Aktivit\u00e4ten, w\u00e4hrend Sie das Meer und die Sonne genie\u00dfen. W\u00e4hrend sie von den verschiedenen Aktivit\u00e4ten profitieren, die wir f\u00fcr Sie vorbereitet haben, erreichen ihre Kinder den H\u00f6hepunkt des Spa\u00dfes in unserem Kinderclub und auf den Wasserrutschen, die f\u00fcr Sie vorbereitet sind.<\/p>\n<p>[\/vc_column_text]<div class=\"sohohotel-title3 sohohotel-title-color\"><h4>\u00dcber Die Flitterwochen<\/h4><\/div>[vc_column_text]Als Garden Of Sun Hotel, Romantik und Eleganz in den exklusivsten Urlaub ihres Lebens<br \/>\ndas Flitterwochen-Konzept, das wir anbieten, um unsere frisch verheirateten Paare unvergesslich zu machen<br \/>\nZiel ist es, ein Erlebnis zu schaffen.[\/vc_column_text][\/vc_column][vc_column width=&#8221;1\/3&#8243;][vc_single_image image=&#8221;494&#8243; img_size=&#8221;full&#8221;][\/vc_column][\/vc_row]<\/p>\n","protected":false},"excerpt":{"rendered":"<p>[vc_row][vc_column width=&#8221;2\/3&#8243;][vc_column_text]Garden Of Sun Dienstleistungen Von den sportlichen Aktivit\u00e4ten bis zum Spielzimmer, vom spa-Zentrum bis zum T\u00fcrkischen Bad, vom Kinderspielplatz bis hin zu Tag-und Nachtaktivit\u00e4ten erwarten Sie w\u00e4hrend Ihres Urlaubs im Garden of Sun Hotel viele Aktivit\u00e4ten. Vergessen Sie nicht unsere anderen Aktivit\u00e4ten, w\u00e4hrend Sie das Meer und die Sonne genie\u00dfen. W\u00e4hrend sie von den<\/p>\n<a href=\"https:\/\/gardenofsun.com\/de\/unsere-dienstleistungen\/\" class=\"sohohotel-more-link\">Read More<i class=\"fa fa-angle-right\"><\/i><\/a>","protected":false},"author":1,"featured_media":0,"parent":0,"menu_order":0,"comment_status":"closed","ping_status":"closed","template":"","meta":{"footnotes":""},"class_list":["post-676","page","type-page","status-publish","hentry"],"_links":{"self":[{"href":"https:\/\/gardenofsun.com\/de\/wp-json\/wp\/v2\/pages\/676\/"}],"collection":[{"href":"https:\/\/gardenofsun.com\/de\/wp-json\/wp\/v2\/pages\/"}],"about":[{"href":"https:\/\/gardenofsun.com\/de\/wp-json\/wp\/v2\/types\/page\/"}],"author":[{"embeddable":true,"href":"https:\/\/gardenofsun.com\/de\/wp-json\/wp\/v2\/users\/1\/"}],"replies":[{"embeddable":true,"href":"https:\/\/gardenofsun.com\/de\/wp-json\/wp\/v2\/comments\/?post=676"}],"version-history":[{"count":5,"href":"https:\/\/gardenofsun.com\/de\/wp-json\/wp\/v2\/pages\/676\/revisions\/"}],"predecessor-version":[{"id":2930,"href":"https:\/\/gardenofsun.com\/de\/wp-json\/wp\/v2\/pages\/676\/revisions\/2930\/"}],"wp:attachment":[{"href":"https:\/\/gardenofsun.com\/de\/wp-json\/wp\/v2\/media\/?parent=676"}],"curies":[{"name":"wp","href":"https:\/\/api.w.org\/{rel}","templated":true}]}}