{"id":670,"date":"2021-05-08T17:17:47","date_gmt":"2021-05-08T14:17:47","guid":{"rendered":"http:\/\/gardenofsun.com\/eglence-ve-aktiviteler\/"},"modified":"2026-02-27T15:28:53","modified_gmt":"2026-02-27T12:28:53","slug":"unterhaltung-und-aktivitaeten","status":"publish","type":"page","link":"https:\/\/gardenofsun.com\/de\/unsere-dienstleistungen\/unterhaltung-und-aktivitaeten\/","title":{"rendered":"Unterhaltung und Aktivit\u00e4ten"},"content":{"rendered":"<p>[vc_row content_placement=&#8221;middle&#8221;][vc_column width=&#8221;1\/2&#8243;][vc_column_text]UNTERHALTUNG UND AKTIVIT\u00c4TEN<\/p>\n<p>Von Sportaktivit\u00e4ten \u00fcber den Spielsalon, vom Spa-Zentrum bis zum T\u00fcrkischen Bad, von Spielbereichen f\u00fcr Kinder \u00fcber Tagesanimationen bis hin zu professionellen Tanzshows in unserem Amphitheater sowie von der Sauna bis zum Whirlpool \u2013 zahlreiche Aktivit\u00e4ten erwarten Sie im Garden of Sun Hotel w\u00e4hrend Ihres gesamten Urlaubs. W\u00e4hrend Sie das Meer und die Sonne genie\u00dfen, vergessen Sie nicht, auch unsere weiteren Angebote zu entdecken.<\/p>\n<p>W\u00e4hrend Sie von den vielf\u00e4ltigen, f\u00fcr Sie vorbereiteten Aktivit\u00e4ten profitieren, erreichen Ihre Kinder im speziell f\u00fcr sie gestalteten Kinderclub und auf den Wasserrutschen den H\u00f6hepunkt des Vergn\u00fcgens.[\/vc_column_text][\/vc_column][vc_column width=&#8221;1\/2&#8243;][vc_gallery interval=&#8221;3&#8243; images=&#8221;504,505,506&#8243; img_size=&#8221;full&#8221;][\/vc_column][\/vc_row][vc_row][vc_column][vc_tta_tabs][vc_tta_section title=&#8221;Kostenpflichtige Dienstleistungen&#8221; tab_id=&#8221;ucretli-hizmetler&#8221;][vc_column_text]KOSTENPFLICHTIGE DIENSTLEISTUNGEN<\/p>\n<p>Massage, Peeling (Kese)<br \/>\nWassersport<br \/>\nFriseur<br \/>\nSolarium, Whirlpool<br \/>\nThalassotherapie, Aqua-Therapie<br \/>\nTischfu\u00dfball und Tischtennis<br \/>\nImportierte Getr\u00e4nke<br \/>\nAlle Flaschen- und Dosengetr\u00e4nke<br \/>\nFrisch gepresste Fruchts\u00e4fte<br \/>\nMinibar<br \/>\nW\u00e4scherei und chemische Reinigung<br \/>\nTelefon, Fax und Fotokopie<br \/>\nMedizinische Dienstleistungen<br \/>\nBabysitting<br \/>\nAutovermietung<br \/>\nEinkaufszentrum<br \/>\nT\u00fcrkischer Kaffee<\/p>\n<p>[\/vc_column_text][\/vc_tta_section][vc_tta_section title=&#8221;Kostenfreie Dienstleistungen&#8221; tab_id=&#8221;ucretsiz-hizmetler&#8221;][vc_column_text]KOSTENLOSE DIENSTLEISTUNGEN<\/p>\n<p>Dart<br \/>\nSauna<br \/>\nT\u00fcrkisches Bad<br \/>\nFitnesscenter (F\u00fcr Kinder unter 12 Jahren nicht geeignet.)<br \/>\nKinderclub<br \/>\nWeckdienst<br \/>\nSatelliten-TV<br \/>\nSplit-Klimaanlage<br \/>\nAlle Animationsaktivit\u00e4ten<br \/>\nBabybett<br \/>\nKinderhochstuhl<br \/>\nWLAN<br \/>\n\u00c0-la-carte-Restaurant (bei mindestens 7 \u00dcbernachtungen einmalig)<br \/>\nStrandtuch<br \/>\nSonnenliege und Sonnenschirm<br \/>\nWasserrutschen<br \/>\nSafe[\/vc_column_text][\/vc_tta_section][\/vc_tta_tabs][\/vc_column][\/vc_row]<\/p>\n","protected":false},"excerpt":{"rendered":"<p>[vc_row content_placement=&#8221;middle&#8221;][vc_column width=&#8221;1\/2&#8243;][vc_column_text]UNTERHALTUNG UND AKTIVIT\u00c4TEN Von Sportaktivit\u00e4ten \u00fcber den Spielsalon, vom Spa-Zentrum bis zum T\u00fcrkischen Bad, von Spielbereichen f\u00fcr Kinder \u00fcber Tagesanimationen bis hin zu professionellen Tanzshows in unserem Amphitheater sowie von der Sauna bis zum Whirlpool \u2013 zahlreiche Aktivit\u00e4ten erwarten Sie im Garden of Sun Hotel w\u00e4hrend Ihres gesamten Urlaubs. W\u00e4hrend Sie das Meer<\/p>\n<a href=\"https:\/\/gardenofsun.com\/de\/unsere-dienstleistungen\/unterhaltung-und-aktivitaeten\/\" class=\"sohohotel-more-link\">Read More<i class=\"fa fa-angle-right\"><\/i><\/a>","protected":false},"author":1,"featured_media":0,"parent":676,"menu_order":0,"comment_status":"closed","ping_status":"closed","template":"","meta":{"footnotes":""},"class_list":["post-670","page","type-page","status-publish","hentry"],"_links":{"self":[{"href":"https:\/\/gardenofsun.com\/de\/wp-json\/wp\/v2\/pages\/670\/"}],"collection":[{"href":"https:\/\/gardenofsun.com\/de\/wp-json\/wp\/v2\/pages\/"}],"about":[{"href":"https:\/\/gardenofsun.com\/de\/wp-json\/wp\/v2\/types\/page\/"}],"author":[{"embeddable":true,"href":"https:\/\/gardenofsun.com\/de\/wp-json\/wp\/v2\/users\/1\/"}],"replies":[{"embeddable":true,"href":"https:\/\/gardenofsun.com\/de\/wp-json\/wp\/v2\/comments\/?post=670"}],"version-history":[{"count":8,"href":"https:\/\/gardenofsun.com\/de\/wp-json\/wp\/v2\/pages\/670\/revisions\/"}],"predecessor-version":[{"id":2963,"href":"https:\/\/gardenofsun.com\/de\/wp-json\/wp\/v2\/pages\/670\/revisions\/2963\/"}],"up":[{"embeddable":true,"href":"https:\/\/gardenofsun.com\/de\/wp-json\/wp\/v2\/pages\/676\/"}],"wp:attachment":[{"href":"https:\/\/gardenofsun.com\/de\/wp-json\/wp\/v2\/media\/?parent=670"}],"curies":[{"name":"wp","href":"https:\/\/api.w.org\/{rel}","templated":true}]}}