{"id":662,"date":"2021-05-08T17:28:50","date_gmt":"2021-05-08T14:28:50","guid":{"rendered":"http:\/\/gardenofsun.com\/spa-wellness\/"},"modified":"2026-02-27T15:30:38","modified_gmt":"2026-02-27T12:30:38","slug":"spa-wellness","status":"publish","type":"page","link":"https:\/\/gardenofsun.com\/de\/unsere-dienstleistungen\/spa-wellness\/","title":{"rendered":"Spa &#038; Wellness"},"content":{"rendered":"<p>[vc_row content_placement=&#8221;middle&#8221;][vc_column width=&#8221;1\/2&#8243;][vc_column_text]SPA &amp; WELLNESS<\/p>\n<p>Wenn Sie sich in der historischen Atmosph\u00e4re des T\u00fcrkischen Bades entspannen, in unseren Saunen zur Ruhe kommen und mit den magischen Ber\u00fchrungen unserer professionellen Therapeuten Stress abbauen m\u00f6chten, sollten Sie unbedingt unser Spa &amp; Wellness-Zentrum besuchen, das Ihnen neue Energie schenkt.<\/p>\n<p>Im entspannenden Spa-Zentrum des Garden Of Sun Hotel k\u00f6nnen Sie K\u00f6rper und Seele erneuern und gleichzeitig mit unserer umfangreichen und modernen Ausstattung in unserem Fitnesscenter in Form bleiben.<\/p>\n<ul>\n<li>F\u00fcr G\u00e4ste im Alter von 12 Jahren und j\u00fcnger nicht zug\u00e4nglich.<\/li>\n<li>F\u00fcr kostenlose Hamam- und Sauna-Zeiten wenden Sie sich bitte an die Rezeption.<\/li>\n<li>Unisex-Bereich.<\/li>\n<\/ul>\n<p>[\/vc_column_text][\/vc_column][vc_column width=&#8221;1\/2&#8243;][vc_gallery interval=&#8221;3&#8243; images=&#8221;513,514&#8243; img_size=&#8221;full&#8221;][\/vc_column][\/vc_row]<\/p>\n","protected":false},"excerpt":{"rendered":"<p>[vc_row content_placement=&#8221;middle&#8221;][vc_column width=&#8221;1\/2&#8243;][vc_column_text]SPA &amp; WELLNESS Wenn Sie sich in der historischen Atmosph\u00e4re des T\u00fcrkischen Bades entspannen, in unseren Saunen zur Ruhe kommen und mit den magischen Ber\u00fchrungen unserer professionellen Therapeuten Stress abbauen m\u00f6chten, sollten Sie unbedingt unser Spa &amp; Wellness-Zentrum besuchen, das Ihnen neue Energie schenkt. Im entspannenden Spa-Zentrum des Garden Of Sun Hotel k\u00f6nnen<\/p>\n<a href=\"https:\/\/gardenofsun.com\/de\/unsere-dienstleistungen\/spa-wellness\/\" class=\"sohohotel-more-link\">Read More<i class=\"fa fa-angle-right\"><\/i><\/a>","protected":false},"author":1,"featured_media":0,"parent":676,"menu_order":0,"comment_status":"closed","ping_status":"closed","template":"","meta":{"footnotes":""},"class_list":["post-662","page","type-page","status-publish","hentry"],"_links":{"self":[{"href":"https:\/\/gardenofsun.com\/de\/wp-json\/wp\/v2\/pages\/662\/"}],"collection":[{"href":"https:\/\/gardenofsun.com\/de\/wp-json\/wp\/v2\/pages\/"}],"about":[{"href":"https:\/\/gardenofsun.com\/de\/wp-json\/wp\/v2\/types\/page\/"}],"author":[{"embeddable":true,"href":"https:\/\/gardenofsun.com\/de\/wp-json\/wp\/v2\/users\/1\/"}],"replies":[{"embeddable":true,"href":"https:\/\/gardenofsun.com\/de\/wp-json\/wp\/v2\/comments\/?post=662"}],"version-history":[{"count":4,"href":"https:\/\/gardenofsun.com\/de\/wp-json\/wp\/v2\/pages\/662\/revisions\/"}],"predecessor-version":[{"id":2964,"href":"https:\/\/gardenofsun.com\/de\/wp-json\/wp\/v2\/pages\/662\/revisions\/2964\/"}],"up":[{"embeddable":true,"href":"https:\/\/gardenofsun.com\/de\/wp-json\/wp\/v2\/pages\/676\/"}],"wp:attachment":[{"href":"https:\/\/gardenofsun.com\/de\/wp-json\/wp\/v2\/media\/?parent=662"}],"curies":[{"name":"wp","href":"https:\/\/api.w.org\/{rel}","templated":true}]}}