{"id":651,"date":"2021-05-08T17:36:10","date_gmt":"2021-05-08T14:36:10","guid":{"rendered":"http:\/\/gardenofsun.com\/toplanti-ve-organizasyon\/"},"modified":"2026-02-27T17:39:49","modified_gmt":"2026-02-27T14:39:49","slug":"treffen_und_organisation","status":"publish","type":"page","link":"https:\/\/gardenofsun.com\/de\/unsere-dienstleistungen\/treffen_und_organisation\/","title":{"rendered":"Treffen und Organisation"},"content":{"rendered":"<p>[vc_row content_placement=&#8221;middle&#8221;][vc_column width=&#8221;1\/2&#8243;][vc_column_text]TAGUNGEN UND VERANSTALTUNGEN<\/p>\n<p>Das Garden Of Sun Hotel ist nicht nur mit seinem Beherbergungsservice, sondern auch mit dem Privileg, Ihre besonderen Momente auszurichten, einer der beliebtesten Treffpunkte in Didim. Unser Hotel bietet mit einem breiten Spektrum an Organisationen \u2013 von Hochzeiten als erstem Schritt in ein gemeinsames Leben bis hin zu professionellen Meetings \u2013 sowohl komfortable als auch unvergessliche Erlebnisse.<\/p>\n<p>Hochzeiten, Jubil\u00e4en und Geburtstagsfeiern werden \u2013 ob in romantischer Atmosph\u00e4re am Pool oder in unserem stilvollen Ballsaal \u2013 ganz nach Ihren Vorstellungen geplant. F\u00fcr Konferenzen, Seminare, Gesch\u00e4ftstreffen und Firmenessen bieten unsere multifunktionalen Veranstaltungsr\u00e4ume in verschiedenen Gr\u00f6\u00dfen professionelle L\u00f6sungen.<\/p>\n<p>Unsere S\u00e4le k\u00f6nnen flexibel an den jeweiligen Veranstaltungsinhalt angepasst werden und verf\u00fcgen mit unterschiedlichen Bestuhlungsvarianten sowie technischer Ausstattung \u00fcber die ideale Infrastruktur f\u00fcr jede Art von Zusammenkunft.<\/p>\n<p>Dar\u00fcber hinaus bietet unser Hotel mit seiner geeigneten Kapazit\u00e4t f\u00fcr Gruppenunterk\u00fcnfte, einem erfahrenen Organisationsteam und einem flexiblen Serviceverst\u00e4ndnis f\u00fcr Gruppenreservierungen vorteilhafte \u00dcbernachtungsm\u00f6glichkeiten f\u00fcr Firmenevents, Reisegruppen und Gemeinschaften.<\/p>\n<p>[\/vc_column_text][\/vc_column][vc_column width=&#8221;1\/2&#8243;][vc_gallery interval=&#8221;3&#8243; images=&#8221;1524,1528,1532,1536,1540,1544,1548,1560,1564,1568&#8243; img_size=&#8221;full&#8221;][\/vc_column][\/vc_row]<\/p>\n","protected":false},"excerpt":{"rendered":"<p>[vc_row content_placement=&#8221;middle&#8221;][vc_column width=&#8221;1\/2&#8243;][vc_column_text]TAGUNGEN UND VERANSTALTUNGEN Das Garden Of Sun Hotel ist nicht nur mit seinem Beherbergungsservice, sondern auch mit dem Privileg, Ihre besonderen Momente auszurichten, einer der beliebtesten Treffpunkte in Didim. Unser Hotel bietet mit einem breiten Spektrum an Organisationen \u2013 von Hochzeiten als erstem Schritt in ein gemeinsames Leben bis hin zu professionellen Meetings<\/p>\n<a href=\"https:\/\/gardenofsun.com\/de\/unsere-dienstleistungen\/treffen_und_organisation\/\" class=\"sohohotel-more-link\">Read More<i class=\"fa fa-angle-right\"><\/i><\/a>","protected":false},"author":1,"featured_media":0,"parent":676,"menu_order":0,"comment_status":"closed","ping_status":"closed","template":"","meta":{"footnotes":""},"class_list":["post-651","page","type-page","status-publish","hentry"],"_links":{"self":[{"href":"https:\/\/gardenofsun.com\/de\/wp-json\/wp\/v2\/pages\/651\/"}],"collection":[{"href":"https:\/\/gardenofsun.com\/de\/wp-json\/wp\/v2\/pages\/"}],"about":[{"href":"https:\/\/gardenofsun.com\/de\/wp-json\/wp\/v2\/types\/page\/"}],"author":[{"embeddable":true,"href":"https:\/\/gardenofsun.com\/de\/wp-json\/wp\/v2\/users\/1\/"}],"replies":[{"embeddable":true,"href":"https:\/\/gardenofsun.com\/de\/wp-json\/wp\/v2\/comments\/?post=651"}],"version-history":[{"count":7,"href":"https:\/\/gardenofsun.com\/de\/wp-json\/wp\/v2\/pages\/651\/revisions\/"}],"predecessor-version":[{"id":3015,"href":"https:\/\/gardenofsun.com\/de\/wp-json\/wp\/v2\/pages\/651\/revisions\/3015\/"}],"up":[{"embeddable":true,"href":"https:\/\/gardenofsun.com\/de\/wp-json\/wp\/v2\/pages\/676\/"}],"wp:attachment":[{"href":"https:\/\/gardenofsun.com\/de\/wp-json\/wp\/v2\/media\/?parent=651"}],"curies":[{"name":"wp","href":"https:\/\/api.w.org\/{rel}","templated":true}]}}