{"id":2979,"date":"2026-02-27T15:51:56","date_gmt":"2026-02-27T12:51:56","guid":{"rendered":"https:\/\/gardenofsun.com\/?page_id=2979"},"modified":"2026-02-27T15:52:19","modified_gmt":"2026-02-27T12:52:19","slug":"informationserklarung-und-einwilligung","status":"publish","type":"page","link":"https:\/\/gardenofsun.com\/de\/informationserklarung-und-einwilligung\/","title":{"rendered":"\u0130nformationserklarung und Einwilligung"},"content":{"rendered":"<p>GARDEN OF SUN HOTEL<br \/>\nINFORMATIONSERKL\u00c4RUNG UND EINWILLIGUNG<br \/>\nMITARBEITER-INFORMATIONSERKL\u00c4RUNG<\/p>\n<p>Als eine der f\u00fchrenden Marken im Tourismus-, Hotel- und Beherbergungssektor in der T\u00fcrkei informiert das Garden Of Sun Hotel als Verantwortlicher im Sinne des Datenschutzrechts im Rahmen unserer Gesch\u00e4ftsbeziehungen sowie unseres Arbeitsverh\u00e4ltnisses mit den Mitarbeitenden dar\u00fcber, dass Ihre personenbezogenen Daten<\/p>\n<p>\u25a0 zweckgebunden, begrenzt und verh\u00e4ltnism\u00e4\u00dfig,<br \/>\n\u25a0 je nach Situation vom Arbeitgeber angefordert und\/oder von Ihnen dem Arbeitgeber mitgeteilt,<br \/>\n\u25a0 im Rahmen der jeweiligen Verarbeitungszwecke<\/p>\n<p>erfasst, gespeichert, aufbewahrt, aktualisiert, verarbeitet, an gesetzlich befugte Institutionen \u00fcbermittelt und unter den im KVKK vorgesehenen Bedingungen an inl\u00e4ndische oder ausl\u00e4ndische Dritte weitergegeben, \u00fcbertragen, klassifiziert und auf andere im KVKK genannte Weise verarbeitet werden k\u00f6nnen.<\/p>\n<p>VERARBEITETE PERSONENBEZOGENE DATEN<\/p>\n<p>Zu den verarbeiteten personenbezogenen Daten geh\u00f6ren insbesondere: Vor- und Nachname, E-Mail-Adresse, Telefonnummer, Referenzen, Wohnanschrift, Foto, Lebenslauf, Ausbildungsinformationen, Diplome, Wehrdienstnachweis usw.<\/p>\n<p>Beispielhaft k\u00f6nnen folgende Datenkategorien verarbeitet werden:<\/p>\n<p>Identit\u00e4tsdaten: Name, Nachname, t\u00fcrkische Identifikationsnummer, Staatsangeh\u00f6rigkeit, Familienstand, Geburtsdatum, Ausweiskopie.<br \/>\nKontaktdaten: Telefonnummer, Adresse, E-Mail-Adresse.<br \/>\nFinanzdaten: Gehalts- und Pr\u00e4mieninformationen, Bankdaten, Informationen zu Vollstreckungsverfahren.<br \/>\nBesondere Kategorien personenbezogener Daten: Gesundheitsberichte, Behindertenberichte, Schwangerschaftsstatus, Arbeitsunf\u00e4higkeitsberichte, Blutgruppe, Strafregisterauszug, Religionsangabe im Ausweis, etc.<br \/>\nAusbildungsdaten: Ausbildungsstand, Zertifikate, Diplome, Lebenslauf.<br \/>\nVisuelle und akustische Daten: Fotos, Tonaufnahmen von Kundengespr\u00e4chen, Videoaufzeichnungen (CCTV), Fingerabdruck- oder Gesichtserkennungssysteme.<br \/>\nLeistungs- und Karrieredaten: Leistungsberichte, Bef\u00f6rderungsunterlagen, Schulungsnachweise, Arbeitszeiten, Login-Logout-Daten usw.<br \/>\nFamiliendaten: Familienmeldeformulare.<br \/>\nSonstige Daten: Fahrzeugdaten, IP-Adressen, Internetnutzung, Austrittsgespr\u00e4che, Sozialversicherungsnummer usw.<\/p>\n<p>ZWECKE DER VERARBEITUNG PERSONENBEZOGENER DATEN<\/p>\n<p>Ihre personenbezogenen Daten k\u00f6nnen insbesondere zu folgenden Zwecken verarbeitet werden:<\/p>\n<p>\u25a0 Erf\u00fcllung des Arbeitsvertrags,<br \/>\n\u25a0 Durchf\u00fchrung von Lohn- und Gehaltsabrechnungen,<br \/>\n\u25a0 Erf\u00fcllung gesetzlicher Verpflichtungen gem\u00e4\u00df Arbeitsrecht, Sozialversicherungsrecht, Steuerrecht usw.,<br \/>\n\u25a0 Gew\u00e4hrleistung der Unternehmenssicherheit (Video\u00fcberwachung usw.),<br \/>\n\u25a0 Bewertung der Servicequalit\u00e4t (z. B. Aufzeichnung von Kundengespr\u00e4chen),<br \/>\n\u25a0 Leistungsbewertung, Bef\u00f6rderungsprozesse, Schulungsmanagement,<br \/>\n\u25a0 Gew\u00e4hrleistung von Arbeitssicherheit und Gesundheitsschutz,<br \/>\n\u25a0 Schutz von Gesch\u00e4ftsgeheimnissen und IT-Sicherheit,<br \/>\n\u25a0 Durchf\u00fchrung interner Berichts- und Verwaltungsprozesse.<\/p>\n<p>Ihre personenbezogenen Daten werden f\u00fcr die gesetzlich vorgeschriebene Dauer oder solange gespeichert, wie es der jeweilige Verarbeitungszweck erfordert.<\/p>\n<p>WEITERGABE AN DRITTE IM INLAND<\/p>\n<p>Ihre personenbezogenen Daten k\u00f6nnen im Rahmen gesetzlicher Verpflichtungen an zust\u00e4ndige Beh\u00f6rden wie das Ministerium f\u00fcr Arbeit und Soziale Sicherheit, das Finanzministerium, die Sozialversicherungsanstalt (SGK), die Datenschutzbeh\u00f6rde sowie an Dienstleister, IT-Unternehmen, Berater, Rechtsanw\u00e4lte und Gesch\u00e4ftspartner weitergegeben werden.<\/p>\n<p>WEITERGABE AN DRITTE IM AUSLAND<\/p>\n<p>Unter Einhaltung der im KVKK festgelegten Grunds\u00e4tze k\u00f6nnen personenbezogene Daten an verbundene Unternehmen, Gesch\u00e4ftspartner oder Dienstleister im Ausland \u00fcbermittelt werden, sofern die gesetzlichen Voraussetzungen erf\u00fcllt sind.<\/p>\n<p>IHRE RECHTE GEM\u00c4SS ARTIKEL 11 KVKK<\/p>\n<p>Sie haben das Recht:<\/p>\n<p>\u25a0 zu erfahren, ob Ihre personenbezogenen Daten verarbeitet werden,<br \/>\n\u25a0 Auskunft \u00fcber die Verarbeitung zu verlangen,<br \/>\n\u25a0 den Zweck der Verarbeitung zu erfahren,<br \/>\n\u25a0 zu erfahren, ob Daten ins In- oder Ausland \u00fcbermittelt wurden,<br \/>\n\u25a0 die Berichtigung unrichtiger oder unvollst\u00e4ndiger Daten zu verlangen,<br \/>\n\u25a0 die L\u00f6schung oder Anonymisierung Ihrer Daten zu verlangen,<br \/>\n\u25a0 Schadensersatz bei unrechtm\u00e4\u00dfiger Verarbeitung zu fordern.<\/p>\n<p>Antr\u00e4ge werden sp\u00e4testens innerhalb von 30 Tagen bearbeitet.<\/p>\n<p>Ich habe die Informationsmitteilung gelesen und stimme zu.<\/p>\n<p>&nbsp;<\/p>\n","protected":false},"excerpt":{"rendered":"<p>GARDEN OF SUN HOTEL INFORMATIONSERKL\u00c4RUNG UND EINWILLIGUNG MITARBEITER-INFORMATIONSERKL\u00c4RUNG Als eine der f\u00fchrenden Marken im Tourismus-, Hotel- und Beherbergungssektor in der T\u00fcrkei informiert das Garden Of Sun Hotel als Verantwortlicher im Sinne des Datenschutzrechts im Rahmen unserer Gesch\u00e4ftsbeziehungen sowie unseres Arbeitsverh\u00e4ltnisses mit den Mitarbeitenden dar\u00fcber, dass Ihre personenbezogenen Daten \u25a0 zweckgebunden, begrenzt und verh\u00e4ltnism\u00e4\u00dfig, \u25a0 je<\/p>\n<a href=\"https:\/\/gardenofsun.com\/de\/informationserklarung-und-einwilligung\/\" class=\"sohohotel-more-link\">Read More<i class=\"fa fa-angle-right\"><\/i><\/a>","protected":false},"author":3,"featured_media":0,"parent":0,"menu_order":0,"comment_status":"closed","ping_status":"closed","template":"","meta":{"footnotes":""},"class_list":["post-2979","page","type-page","status-publish","hentry"],"_links":{"self":[{"href":"https:\/\/gardenofsun.com\/de\/wp-json\/wp\/v2\/pages\/2979\/"}],"collection":[{"href":"https:\/\/gardenofsun.com\/de\/wp-json\/wp\/v2\/pages\/"}],"about":[{"href":"https:\/\/gardenofsun.com\/de\/wp-json\/wp\/v2\/types\/page\/"}],"author":[{"embeddable":true,"href":"https:\/\/gardenofsun.com\/de\/wp-json\/wp\/v2\/users\/3\/"}],"replies":[{"embeddable":true,"href":"https:\/\/gardenofsun.com\/de\/wp-json\/wp\/v2\/comments\/?post=2979"}],"version-history":[{"count":2,"href":"https:\/\/gardenofsun.com\/de\/wp-json\/wp\/v2\/pages\/2979\/revisions\/"}],"predecessor-version":[{"id":2981,"href":"https:\/\/gardenofsun.com\/de\/wp-json\/wp\/v2\/pages\/2979\/revisions\/2981\/"}],"wp:attachment":[{"href":"https:\/\/gardenofsun.com\/de\/wp-json\/wp\/v2\/media\/?parent=2979"}],"curies":[{"name":"wp","href":"https:\/\/api.w.org\/{rel}","templated":true}]}}