{"id":2974,"date":"2026-02-27T15:45:15","date_gmt":"2026-02-27T12:45:15","guid":{"rendered":"https:\/\/gardenofsun.com\/?page_id=2974"},"modified":"2026-02-27T16:45:34","modified_gmt":"2026-02-27T13:45:34","slug":"personalpolitik","status":"publish","type":"page","link":"https:\/\/gardenofsun.com\/de\/personalpolitik\/","title":{"rendered":"Personalpolitik"},"content":{"rendered":"<p>[vc_row][vc_column][vc_column_text]<\/p>\n<p style=\"text-align: center;\">GARDEN OF SUN HOTEL<\/p>\n<p style=\"text-align: center;\">PERSONALPOLITIK<\/p>\n<p style=\"text-align: center;\">Als Garden of Sun Hotel basiert unsere Personalpolitik auf den Grunds\u00e4tzen der Effizienz und Nachhaltigkeit in \u00dcbereinstimmung mit den einschl\u00e4gigen gesetzlichen Bestimmungen und den von uns festgelegten Qualit\u00e4tsstandards. Unser Ziel ist es, durch den Aufbau einer modernen, innovativen und dynamischen Unternehmensstruktur Fachkr\u00e4fte zu besch\u00e4ftigen, die kompetent, kreativ und vision\u00e4r sind.<\/p>\n<p style=\"text-align: center;\">Das wichtigste Ziel unseres Personalmanagements ist es, die Entwicklung unserer Mitarbeitenden zu f\u00f6rdern und eine leistungsf\u00e4hige Belegschaft zu schaffen, die zu den strategischen Zielen unseres Hotels beitr\u00e4gt. In diesem Zusammenhang konzentrieren wir uns auf folgende Grunds\u00e4tze, um unsere Mitarbeitenden in den richtigen Positionen einzusetzen, Entwicklungsm\u00f6glichkeiten zu bieten und ein effizientes Arbeitsumfeld zu schaffen:<\/p>\n<ul style=\"text-align: center;\">\n<li>Personalplanung: Sicherstellung, dass unsere Mitarbeitenden entsprechend ihren Kompetenzen in geeigneten Abteilungen eingesetzt werden, Stellenbeschreibungen aktuell gehalten und Personalangelegenheiten ordnungsgem\u00e4\u00df verwaltet werden.<\/li>\n<li>Ausbildung und Entwicklung: Organisation interner Schulungen zur kontinuierlichen F\u00f6rderung unserer Mitarbeitenden sowie regelm\u00e4\u00dfige Leistungsbeurteilungen.<\/li>\n<li>Mitarbeiterzufriedenheit und Motivation: Schaffung eines motivierenden, sicheren und gesunden Arbeitsumfeldes, Steigerung der Mitarbeiterzufriedenheit und St\u00e4rkung der Unternehmensbindung.<\/li>\n<li>Arbeitsschutz und Arbeitssicherheit: Priorisierung der Sicherheit und Gesundheit unserer Mitarbeitenden sowie Ergreifung aller notwendigen Ma\u00dfnahmen zur Verh\u00fctung von Arbeitsunf\u00e4llen und Berufskrankheiten.<\/li>\n<\/ul>\n<p style=\"text-align: center;\">Einhaltung von Standards:<br \/>\nIn allen Personalprozessen verpflichten wir uns zur vollst\u00e4ndigen Einhaltung internationaler Qualit\u00e4tsmanagementstandards wie ISO 9001:2015, ISO 22000:2018, ISO 14001:2015, ISO 45001:2018 und ISO 10002:2018 sowie zur kontinuierlichen Verbesserung und Weiterentwicklung.<\/p>\n<p>[\/vc_column_text][\/vc_column][\/vc_row]<\/p>\n","protected":false},"excerpt":{"rendered":"<p>[vc_row][vc_column][vc_column_text] GARDEN OF SUN HOTEL PERSONALPOLITIK Als Garden of Sun Hotel basiert unsere Personalpolitik auf den Grunds\u00e4tzen der Effizienz und Nachhaltigkeit in \u00dcbereinstimmung mit den einschl\u00e4gigen gesetzlichen Bestimmungen und den von uns festgelegten Qualit\u00e4tsstandards. Unser Ziel ist es, durch den Aufbau einer modernen, innovativen und dynamischen Unternehmensstruktur Fachkr\u00e4fte zu besch\u00e4ftigen, die kompetent, kreativ und vision\u00e4r<\/p>\n<a href=\"https:\/\/gardenofsun.com\/de\/personalpolitik\/\" class=\"sohohotel-more-link\">Read More<i class=\"fa fa-angle-right\"><\/i><\/a>","protected":false},"author":3,"featured_media":0,"parent":0,"menu_order":0,"comment_status":"closed","ping_status":"closed","template":"","meta":{"footnotes":""},"class_list":["post-2974","page","type-page","status-publish","hentry"],"_links":{"self":[{"href":"https:\/\/gardenofsun.com\/de\/wp-json\/wp\/v2\/pages\/2974\/"}],"collection":[{"href":"https:\/\/gardenofsun.com\/de\/wp-json\/wp\/v2\/pages\/"}],"about":[{"href":"https:\/\/gardenofsun.com\/de\/wp-json\/wp\/v2\/types\/page\/"}],"author":[{"embeddable":true,"href":"https:\/\/gardenofsun.com\/de\/wp-json\/wp\/v2\/users\/3\/"}],"replies":[{"embeddable":true,"href":"https:\/\/gardenofsun.com\/de\/wp-json\/wp\/v2\/comments\/?post=2974"}],"version-history":[{"count":2,"href":"https:\/\/gardenofsun.com\/de\/wp-json\/wp\/v2\/pages\/2974\/revisions\/"}],"predecessor-version":[{"id":3001,"href":"https:\/\/gardenofsun.com\/de\/wp-json\/wp\/v2\/pages\/2974\/revisions\/3001\/"}],"wp:attachment":[{"href":"https:\/\/gardenofsun.com\/de\/wp-json\/wp\/v2\/media\/?parent=2974"}],"curies":[{"name":"wp","href":"https:\/\/api.w.org\/{rel}","templated":true}]}}