{"id":2957,"date":"2026-02-27T15:25:01","date_gmt":"2026-02-27T12:25:01","guid":{"rendered":"https:\/\/gardenofsun.com\/?page_id=2957"},"modified":"2026-02-27T15:25:01","modified_gmt":"2026-02-27T12:25:01","slug":"apollon-pool-bar","status":"publish","type":"page","link":"https:\/\/gardenofsun.com\/de\/apollon-pool-bar\/","title":{"rendered":"Apollon Pool Bar"},"content":{"rendered":"<p>[vc_row][vc_column][vc_single_image image=&#8221;1780&#8243; img_size=&#8221;1140&#215;500&#8243; alignment=&#8221;center&#8221; style=&#8221;vc_box_shadow_3d&#8221;][vc_column_text]APOLLON POOL BAR<\/p>\n<p>W\u00e4hrend Sie die Sonne, den kristallklaren blauen Pool und die lebhafte Atmosph\u00e4re am Pool genie\u00dfen, k\u00f6nnen Sie in unserer von Gr\u00fcn umgebenen Bar Ihrem Urlaub zus\u00e4tzlichen Geschmack verleihen. Den ganzen Tag \u00fcber werden lokale und internationale alkoholische sowie alkoholfreie Getr\u00e4nke serviert. Erleben Sie die Freude Ihres Urlaubs mit einzigartigen Cocktails, die von unseren professionellen Barkeepern zubereitet werden.<br \/>\nServicezeiten: 10:00 \u2013 24:00[\/vc_column_text][\/vc_column][\/vc_row]<\/p>\n","protected":false},"excerpt":{"rendered":"<p>[vc_row][vc_column][vc_single_image image=&#8221;1780&#8243; img_size=&#8221;1140&#215;500&#8243; alignment=&#8221;center&#8221; style=&#8221;vc_box_shadow_3d&#8221;][vc_column_text]APOLLON POOL BAR W\u00e4hrend Sie die Sonne, den kristallklaren blauen Pool und die lebhafte Atmosph\u00e4re am Pool genie\u00dfen, k\u00f6nnen Sie in unserer von Gr\u00fcn umgebenen Bar Ihrem Urlaub zus\u00e4tzlichen Geschmack verleihen. Den ganzen Tag \u00fcber werden lokale und internationale alkoholische sowie alkoholfreie Getr\u00e4nke serviert. Erleben Sie die Freude Ihres Urlaubs mit<\/p>\n<a href=\"https:\/\/gardenofsun.com\/de\/apollon-pool-bar\/\" class=\"sohohotel-more-link\">Read More<i class=\"fa fa-angle-right\"><\/i><\/a>","protected":false},"author":3,"featured_media":0,"parent":0,"menu_order":0,"comment_status":"closed","ping_status":"closed","template":"","meta":{"footnotes":""},"class_list":["post-2957","page","type-page","status-publish","hentry"],"_links":{"self":[{"href":"https:\/\/gardenofsun.com\/de\/wp-json\/wp\/v2\/pages\/2957\/"}],"collection":[{"href":"https:\/\/gardenofsun.com\/de\/wp-json\/wp\/v2\/pages\/"}],"about":[{"href":"https:\/\/gardenofsun.com\/de\/wp-json\/wp\/v2\/types\/page\/"}],"author":[{"embeddable":true,"href":"https:\/\/gardenofsun.com\/de\/wp-json\/wp\/v2\/users\/3\/"}],"replies":[{"embeddable":true,"href":"https:\/\/gardenofsun.com\/de\/wp-json\/wp\/v2\/comments\/?post=2957"}],"version-history":[{"count":1,"href":"https:\/\/gardenofsun.com\/de\/wp-json\/wp\/v2\/pages\/2957\/revisions\/"}],"predecessor-version":[{"id":2958,"href":"https:\/\/gardenofsun.com\/de\/wp-json\/wp\/v2\/pages\/2957\/revisions\/2958\/"}],"wp:attachment":[{"href":"https:\/\/gardenofsun.com\/de\/wp-json\/wp\/v2\/media\/?parent=2957"}],"curies":[{"name":"wp","href":"https:\/\/api.w.org\/{rel}","templated":true}]}}