{"id":2954,"date":"2026-02-27T15:24:00","date_gmt":"2026-02-27T12:24:00","guid":{"rendered":"https:\/\/gardenofsun.com\/?page_id=2954"},"modified":"2026-02-27T15:24:00","modified_gmt":"2026-02-27T12:24:00","slug":"lobby-patisserie-lounge","status":"publish","type":"page","link":"https:\/\/gardenofsun.com\/de\/lobby-patisserie-lounge\/","title":{"rendered":"Lobby Patisserie Lounge"},"content":{"rendered":"<p>[vc_row][vc_column][vc_single_image image=&#8221;1768&#8243; img_size=&#8221;1140&#215;500&#8243; alignment=&#8221;center&#8221; style=&#8221;vc_box_shadow_3d&#8221;][vc_column_text]LOBBY PATISSERIE LOUNGE<\/p>\n<p>Unsere Lounge ist der perfekte Ort f\u00fcr eine genussvolle Pause nach dem Pool- oder Strandaufenthalt, wo frische und vielf\u00e4ltige Patisserie-Spezialit\u00e4ten zu Ihrer Tee- und Kaffeezeit serviert werden.<br \/>\nServicezeiten: 15:00 \u2013 18:00[\/vc_column_text][\/vc_column][\/vc_row]<\/p>\n","protected":false},"excerpt":{"rendered":"<p>[vc_row][vc_column][vc_single_image image=&#8221;1768&#8243; img_size=&#8221;1140&#215;500&#8243; alignment=&#8221;center&#8221; style=&#8221;vc_box_shadow_3d&#8221;][vc_column_text]LOBBY PATISSERIE LOUNGE Unsere Lounge ist der perfekte Ort f\u00fcr eine genussvolle Pause nach dem Pool- oder Strandaufenthalt, wo frische und vielf\u00e4ltige Patisserie-Spezialit\u00e4ten zu Ihrer Tee- und Kaffeezeit serviert werden. Servicezeiten: 15:00 \u2013 18:00[\/vc_column_text][\/vc_column][\/vc_row]<\/p>\n<a href=\"https:\/\/gardenofsun.com\/de\/lobby-patisserie-lounge\/\" class=\"sohohotel-more-link\">Read More<i class=\"fa fa-angle-right\"><\/i><\/a>","protected":false},"author":3,"featured_media":0,"parent":0,"menu_order":0,"comment_status":"closed","ping_status":"closed","template":"","meta":{"footnotes":""},"class_list":["post-2954","page","type-page","status-publish","hentry"],"_links":{"self":[{"href":"https:\/\/gardenofsun.com\/de\/wp-json\/wp\/v2\/pages\/2954\/"}],"collection":[{"href":"https:\/\/gardenofsun.com\/de\/wp-json\/wp\/v2\/pages\/"}],"about":[{"href":"https:\/\/gardenofsun.com\/de\/wp-json\/wp\/v2\/types\/page\/"}],"author":[{"embeddable":true,"href":"https:\/\/gardenofsun.com\/de\/wp-json\/wp\/v2\/users\/3\/"}],"replies":[{"embeddable":true,"href":"https:\/\/gardenofsun.com\/de\/wp-json\/wp\/v2\/comments\/?post=2954"}],"version-history":[{"count":1,"href":"https:\/\/gardenofsun.com\/de\/wp-json\/wp\/v2\/pages\/2954\/revisions\/"}],"predecessor-version":[{"id":2955,"href":"https:\/\/gardenofsun.com\/de\/wp-json\/wp\/v2\/pages\/2954\/revisions\/2955\/"}],"wp:attachment":[{"href":"https:\/\/gardenofsun.com\/de\/wp-json\/wp\/v2\/media\/?parent=2954"}],"curies":[{"name":"wp","href":"https:\/\/api.w.org\/{rel}","templated":true}]}}