{"id":2951,"date":"2026-02-27T15:22:18","date_gmt":"2026-02-27T12:22:18","guid":{"rendered":"https:\/\/gardenofsun.com\/?page_id=2951"},"modified":"2026-02-27T15:22:18","modified_gmt":"2026-02-27T12:22:18","slug":"magnesia-snack-bar","status":"publish","type":"page","link":"https:\/\/gardenofsun.com\/de\/magnesia-snack-bar\/","title":{"rendered":"Magnesia Snack Bar"},"content":{"rendered":"<p>[vc_row][vc_column][vc_single_image image=&#8221;1756&#8243; img_size=&#8221;1140&#215;500&#8243; alignment=&#8221;center&#8221; style=&#8221;vc_box_shadow_3d&#8221;][vc_column_text]MAGNESIA SNACK BAR<\/p>\n<p>Unsere Snack Bar am Pool bietet frisch zubereitete, warme Snacks, sodass Sie k\u00f6stliche Speisen genie\u00dfen k\u00f6nnen, ohne eine Pause vom Pool oder vom Animationsprogramm einzulegen.<br \/>\nServicezeiten: 14:30 \u2013 17:00[\/vc_column_text][\/vc_column][\/vc_row]<\/p>\n","protected":false},"excerpt":{"rendered":"<p>[vc_row][vc_column][vc_single_image image=&#8221;1756&#8243; img_size=&#8221;1140&#215;500&#8243; alignment=&#8221;center&#8221; style=&#8221;vc_box_shadow_3d&#8221;][vc_column_text]MAGNESIA SNACK BAR Unsere Snack Bar am Pool bietet frisch zubereitete, warme Snacks, sodass Sie k\u00f6stliche Speisen genie\u00dfen k\u00f6nnen, ohne eine Pause vom Pool oder vom Animationsprogramm einzulegen. Servicezeiten: 14:30 \u2013 17:00[\/vc_column_text][\/vc_column][\/vc_row]<\/p>\n<a href=\"https:\/\/gardenofsun.com\/de\/magnesia-snack-bar\/\" class=\"sohohotel-more-link\">Read More<i class=\"fa fa-angle-right\"><\/i><\/a>","protected":false},"author":3,"featured_media":0,"parent":0,"menu_order":0,"comment_status":"closed","ping_status":"closed","template":"","meta":{"footnotes":""},"class_list":["post-2951","page","type-page","status-publish","hentry"],"_links":{"self":[{"href":"https:\/\/gardenofsun.com\/de\/wp-json\/wp\/v2\/pages\/2951\/"}],"collection":[{"href":"https:\/\/gardenofsun.com\/de\/wp-json\/wp\/v2\/pages\/"}],"about":[{"href":"https:\/\/gardenofsun.com\/de\/wp-json\/wp\/v2\/types\/page\/"}],"author":[{"embeddable":true,"href":"https:\/\/gardenofsun.com\/de\/wp-json\/wp\/v2\/users\/3\/"}],"replies":[{"embeddable":true,"href":"https:\/\/gardenofsun.com\/de\/wp-json\/wp\/v2\/comments\/?post=2951"}],"version-history":[{"count":1,"href":"https:\/\/gardenofsun.com\/de\/wp-json\/wp\/v2\/pages\/2951\/revisions\/"}],"predecessor-version":[{"id":2952,"href":"https:\/\/gardenofsun.com\/de\/wp-json\/wp\/v2\/pages\/2951\/revisions\/2952\/"}],"wp:attachment":[{"href":"https:\/\/gardenofsun.com\/de\/wp-json\/wp\/v2\/media\/?parent=2951"}],"curies":[{"name":"wp","href":"https:\/\/api.w.org\/{rel}","templated":true}]}}