{"id":2948,"date":"2026-02-27T15:21:04","date_gmt":"2026-02-27T12:21:04","guid":{"rendered":"https:\/\/gardenofsun.com\/?page_id=2948"},"modified":"2026-02-27T15:21:04","modified_gmt":"2026-02-27T12:21:04","slug":"lobby-bar","status":"publish","type":"page","link":"https:\/\/gardenofsun.com\/de\/lobby-bar\/","title":{"rendered":"Lobby Bar"},"content":{"rendered":"<p>[vc_row][vc_column][vc_single_image image=&#8221;1740&#8243; img_size=&#8221;1140&#215;500&#8243; alignment=&#8221;center&#8221; style=&#8221;vc_box_shadow_3d&#8221;][vc_column_text]LOBBY BAR<\/p>\n<p>Unsere Bar bietet eine gro\u00dfe Auswahl an lokalen und internationalen alkoholischen sowie alkoholfreien Getr\u00e4nken und steht Ihnen rund um die Uhr, 24 Stunden t\u00e4glich, zur Verf\u00fcgung.[\/vc_column_text][\/vc_column][\/vc_row]<\/p>\n","protected":false},"excerpt":{"rendered":"<p>[vc_row][vc_column][vc_single_image image=&#8221;1740&#8243; img_size=&#8221;1140&#215;500&#8243; alignment=&#8221;center&#8221; style=&#8221;vc_box_shadow_3d&#8221;][vc_column_text]LOBBY BAR Unsere Bar bietet eine gro\u00dfe Auswahl an lokalen und internationalen alkoholischen sowie alkoholfreien Getr\u00e4nken und steht Ihnen rund um die Uhr, 24 Stunden t\u00e4glich, zur Verf\u00fcgung.[\/vc_column_text][\/vc_column][\/vc_row]<\/p>\n<a href=\"https:\/\/gardenofsun.com\/de\/lobby-bar\/\" class=\"sohohotel-more-link\">Read More<i class=\"fa fa-angle-right\"><\/i><\/a>","protected":false},"author":3,"featured_media":0,"parent":0,"menu_order":0,"comment_status":"closed","ping_status":"closed","template":"","meta":{"footnotes":""},"class_list":["post-2948","page","type-page","status-publish","hentry"],"_links":{"self":[{"href":"https:\/\/gardenofsun.com\/de\/wp-json\/wp\/v2\/pages\/2948\/"}],"collection":[{"href":"https:\/\/gardenofsun.com\/de\/wp-json\/wp\/v2\/pages\/"}],"about":[{"href":"https:\/\/gardenofsun.com\/de\/wp-json\/wp\/v2\/types\/page\/"}],"author":[{"embeddable":true,"href":"https:\/\/gardenofsun.com\/de\/wp-json\/wp\/v2\/users\/3\/"}],"replies":[{"embeddable":true,"href":"https:\/\/gardenofsun.com\/de\/wp-json\/wp\/v2\/comments\/?post=2948"}],"version-history":[{"count":1,"href":"https:\/\/gardenofsun.com\/de\/wp-json\/wp\/v2\/pages\/2948\/revisions\/"}],"predecessor-version":[{"id":2949,"href":"https:\/\/gardenofsun.com\/de\/wp-json\/wp\/v2\/pages\/2948\/revisions\/2949\/"}],"wp:attachment":[{"href":"https:\/\/gardenofsun.com\/de\/wp-json\/wp\/v2\/media\/?parent=2948"}],"curies":[{"name":"wp","href":"https:\/\/api.w.org\/{rel}","templated":true}]}}