{"id":2945,"date":"2026-02-27T15:19:33","date_gmt":"2026-02-27T12:19:33","guid":{"rendered":"https:\/\/gardenofsun.com\/?page_id=2945"},"modified":"2026-02-27T17:34:26","modified_gmt":"2026-02-27T14:34:26","slug":"hot-plate","status":"publish","type":"page","link":"https:\/\/gardenofsun.com\/de\/hot-plate\/","title":{"rendered":"Hot Plate"},"content":{"rendered":"<p>[vc_row][vc_column][vc_single_image image=&#8221;1608&#8243; img_size=&#8221;1140&#215;500&#8243; alignment=&#8221;center&#8221; style=&#8221;vc_box_shadow_3d&#8221;][vc_column_text]HOT PLATE STATION<\/p>\n<p>Dies ist der Bereich f\u00fcr warme Speisen, in dem frische Zutaten von unseren K\u00f6chen auf dem Grill, in der Pfanne oder im Ofen fachgerecht zubereitet und in k\u00f6stliche Gerichte verwandelt werden. Zu jeder Mahlzeit sowie an speziellen Themenabenden mit lokalen Spezialit\u00e4ten werden frische und hei\u00dfe Speisen serviert.[\/vc_column_text][\/vc_column][\/vc_row]<\/p>\n","protected":false},"excerpt":{"rendered":"<p>[vc_row][vc_column][vc_single_image image=&#8221;1608&#8243; img_size=&#8221;1140&#215;500&#8243; alignment=&#8221;center&#8221; style=&#8221;vc_box_shadow_3d&#8221;][vc_column_text]HOT PLATE STATION Dies ist der Bereich f\u00fcr warme Speisen, in dem frische Zutaten von unseren K\u00f6chen auf dem Grill, in der Pfanne oder im Ofen fachgerecht zubereitet und in k\u00f6stliche Gerichte verwandelt werden. Zu jeder Mahlzeit sowie an speziellen Themenabenden mit lokalen Spezialit\u00e4ten werden frische und hei\u00dfe Speisen serviert.[\/vc_column_text][\/vc_column][\/vc_row]<\/p>\n<a href=\"https:\/\/gardenofsun.com\/de\/hot-plate\/\" class=\"sohohotel-more-link\">Read More<i class=\"fa fa-angle-right\"><\/i><\/a>","protected":false},"author":3,"featured_media":0,"parent":0,"menu_order":0,"comment_status":"closed","ping_status":"closed","template":"","meta":{"footnotes":""},"class_list":["post-2945","page","type-page","status-publish","hentry"],"_links":{"self":[{"href":"https:\/\/gardenofsun.com\/de\/wp-json\/wp\/v2\/pages\/2945\/"}],"collection":[{"href":"https:\/\/gardenofsun.com\/de\/wp-json\/wp\/v2\/pages\/"}],"about":[{"href":"https:\/\/gardenofsun.com\/de\/wp-json\/wp\/v2\/types\/page\/"}],"author":[{"embeddable":true,"href":"https:\/\/gardenofsun.com\/de\/wp-json\/wp\/v2\/users\/3\/"}],"replies":[{"embeddable":true,"href":"https:\/\/gardenofsun.com\/de\/wp-json\/wp\/v2\/comments\/?post=2945"}],"version-history":[{"count":1,"href":"https:\/\/gardenofsun.com\/de\/wp-json\/wp\/v2\/pages\/2945\/revisions\/"}],"predecessor-version":[{"id":2946,"href":"https:\/\/gardenofsun.com\/de\/wp-json\/wp\/v2\/pages\/2945\/revisions\/2946\/"}],"wp:attachment":[{"href":"https:\/\/gardenofsun.com\/de\/wp-json\/wp\/v2\/media\/?parent=2945"}],"curies":[{"name":"wp","href":"https:\/\/api.w.org\/{rel}","templated":true}]}}