{"id":2934,"date":"2026-02-27T15:12:49","date_gmt":"2026-02-27T12:12:49","guid":{"rendered":"https:\/\/gardenofsun.com\/?page_id=2934"},"modified":"2026-02-27T15:12:49","modified_gmt":"2026-02-27T12:12:49","slug":"heraklin-restaurant","status":"publish","type":"page","link":"https:\/\/gardenofsun.com\/de\/heraklin-restaurant\/","title":{"rendered":"Heraklin Restaurant"},"content":{"rendered":"<p>[vc_row][vc_column][vc_single_image image=&#8221;1592&#8243; img_size=&#8221;1140&#215;500&#8243; alignment=&#8221;center&#8221; style=&#8221;vc_box_shadow_3d&#8221;][vc_column_text]HERAKLIN RESTAURANT<br \/>\nUnser Hauptrestaurant serviert zu jeder Mahlzeit des Tages sorgf\u00e4ltig zubereitete, hochwertige Open-Buffet-Speisen mit ausgew\u00e4hlten Aromen der t\u00fcrkischen und internationalen K\u00fcche. Alle Gerichte werden unter der Aufsicht professioneller Lebensmittelingenieure gem\u00e4\u00df internationalen Hygienestandards zubereitet und mit den Qualit\u00e4tsgetr\u00e4nken erg\u00e4nzt, die Sie gewohnt sind.<\/p>\n<p>Mit seinem eleganten und modernen Design, Innenbereich und offener Terrasse, l\u00e4dt das Restaurant mit seiner gro\u00dfz\u00fcgigen und luftigen Atmosph\u00e4re zu einem genussvollen kulinarischen Erlebnis ein. Den ganzen Tag \u00fcber stehen wir Ihnen mit einem reichhaltigen Fr\u00fchst\u00fcck aus frischen und nat\u00fcrlichen Produkten, Mittags- und Abendgerichten aus verschiedenen Weltk\u00fcchen sowie einem Nachtbuffet f\u00fcr einen k\u00f6stlichen Tagesausklang zur Verf\u00fcgung. Spezielle Buffetoptionen wie Di\u00e4t-, Vegan-, Kinder-Minibuffet- und glutenfreie Angebote bieten zahlreiche genussvolle und gesunde Alternativen.<\/p>\n<p>Restaurant-Servicezeiten<br \/>\nFr\u00fchst\u00fcck: 07:00 \u2013 10:00<br \/>\nSp\u00e4tfr\u00fchst\u00fcck: 10:00 \u2013 10:30<br \/>\nMittagessen: 12:30 \u2013 14:00<br \/>\nAbendessen: 19:00 \u2013 21:00<br \/>\nNachtsuppe: 24:00 \u2013 00:30<br \/>\nNachtbuffet: 01:30 \u2013 05:00<\/p>\n<ul>\n<li>HERAKLIN SERVICE BAR<br \/>\nIn unserem Hauptrestaurant, in dem t\u00fcrkische und internationale K\u00fcche als Open Buffet serviert wird, erhalten Sie zu jeder Mahlzeit passende, k\u00f6stliche Getr\u00e4nke an dieser Bar.<\/li>\n<\/ul>\n<p>[\/vc_column_text][\/vc_column][\/vc_row]<\/p>\n","protected":false},"excerpt":{"rendered":"<p>[vc_row][vc_column][vc_single_image image=&#8221;1592&#8243; img_size=&#8221;1140&#215;500&#8243; alignment=&#8221;center&#8221; style=&#8221;vc_box_shadow_3d&#8221;][vc_column_text]HERAKLIN RESTAURANT Unser Hauptrestaurant serviert zu jeder Mahlzeit des Tages sorgf\u00e4ltig zubereitete, hochwertige Open-Buffet-Speisen mit ausgew\u00e4hlten Aromen der t\u00fcrkischen und internationalen K\u00fcche. Alle Gerichte werden unter der Aufsicht professioneller Lebensmittelingenieure gem\u00e4\u00df internationalen Hygienestandards zubereitet und mit den Qualit\u00e4tsgetr\u00e4nken erg\u00e4nzt, die Sie gewohnt sind. Mit seinem eleganten und modernen Design, Innenbereich und<\/p>\n<a href=\"https:\/\/gardenofsun.com\/de\/heraklin-restaurant\/\" class=\"sohohotel-more-link\">Read More<i class=\"fa fa-angle-right\"><\/i><\/a>","protected":false},"author":3,"featured_media":0,"parent":0,"menu_order":0,"comment_status":"closed","ping_status":"closed","template":"","meta":{"footnotes":""},"class_list":["post-2934","page","type-page","status-publish","hentry"],"_links":{"self":[{"href":"https:\/\/gardenofsun.com\/de\/wp-json\/wp\/v2\/pages\/2934\/"}],"collection":[{"href":"https:\/\/gardenofsun.com\/de\/wp-json\/wp\/v2\/pages\/"}],"about":[{"href":"https:\/\/gardenofsun.com\/de\/wp-json\/wp\/v2\/types\/page\/"}],"author":[{"embeddable":true,"href":"https:\/\/gardenofsun.com\/de\/wp-json\/wp\/v2\/users\/3\/"}],"replies":[{"embeddable":true,"href":"https:\/\/gardenofsun.com\/de\/wp-json\/wp\/v2\/comments\/?post=2934"}],"version-history":[{"count":1,"href":"https:\/\/gardenofsun.com\/de\/wp-json\/wp\/v2\/pages\/2934\/revisions\/"}],"predecessor-version":[{"id":2935,"href":"https:\/\/gardenofsun.com\/de\/wp-json\/wp\/v2\/pages\/2934\/revisions\/2935\/"}],"wp:attachment":[{"href":"https:\/\/gardenofsun.com\/de\/wp-json\/wp\/v2\/media\/?parent=2934"}],"curies":[{"name":"wp","href":"https:\/\/api.w.org\/{rel}","templated":true}]}}