{"id":2924,"date":"2026-02-27T15:00:36","date_gmt":"2026-02-27T12:00:36","guid":{"rendered":"https:\/\/gardenofsun.com\/?page_id=2924"},"modified":"2026-02-27T15:00:36","modified_gmt":"2026-02-27T12:00:36","slug":"zertifikate-und-auszeichnungen","status":"publish","type":"page","link":"https:\/\/gardenofsun.com\/de\/zertifikate-und-auszeichnungen\/","title":{"rendered":"Zertifikate und Auszeichnungen"},"content":{"rendered":"<p>[vc_row][vc_column][vc_column_text]<\/p>\n\n\t\t<div id='gallery-1' class='gallery galleryid-2924 gallery-columns-4 gallery-size-thumbnail'><div class='gallery-item'><div class='gallery-icon'><a href=\"https:\/\/gardenofsun.com\/wp-content\/uploads\/2022\/10\/gts-tr.png\" data-gal=\"prettyPhoto[gallery-1]\" title=\"gts-tr\"><img decoding=\"async\" src=\"https:\/\/gardenofsun.com\/wp-content\/uploads\/2022\/10\/gts-tr.png\" alt=\"\" \/><\/a><\/div><\/div><div class='gallery-item'><div class='gallery-icon'><a href=\"https:\/\/gardenofsun.com\/wp-content\/uploads\/2022\/11\/cer2-tr.png\" data-gal=\"prettyPhoto[gallery-1]\" title=\"cer2-tr\"><img decoding=\"async\" src=\"https:\/\/gardenofsun.com\/wp-content\/uploads\/2022\/11\/cer2-tr.png\" alt=\"\" \/><\/a><\/div><\/div><div class='gallery-item'><div class='gallery-icon'><a href=\"https:\/\/gardenofsun.com\/wp-content\/uploads\/2022\/11\/cer-tr.png\" data-gal=\"prettyPhoto[gallery-1]\" title=\"cer-tr\"><img decoding=\"async\" src=\"https:\/\/gardenofsun.com\/wp-content\/uploads\/2022\/11\/cer-tr.png\" alt=\"\" \/><\/a><\/div><\/div><div class='gallery-item'><div class='gallery-icon'><a href=\"https:\/\/gardenofsun.com\/wp-content\/uploads\/2022\/11\/yonetim-sistem-cer.png\" data-gal=\"prettyPhoto[gallery-1]\" title=\"yonetim-sistem-cer\"><img decoding=\"async\" src=\"https:\/\/gardenofsun.com\/wp-content\/uploads\/2022\/11\/yonetim-sistem-cer.png\" alt=\"\" \/><\/a><\/div><\/div><div class='gallery-item'><div class='gallery-icon'><a href=\"https:\/\/gardenofsun.com\/wp-content\/uploads\/2022\/11\/iso45001.png\" data-gal=\"prettyPhoto[gallery-1]\" title=\"iso45001\"><img decoding=\"async\" src=\"https:\/\/gardenofsun.com\/wp-content\/uploads\/2022\/11\/iso45001.png\" alt=\"\" \/><\/a><\/div><\/div><div class='gallery-item'><div class='gallery-icon'><a href=\"https:\/\/gardenofsun.com\/wp-content\/uploads\/2022\/11\/yonetim-sistem-cer-2.png\" data-gal=\"prettyPhoto[gallery-1]\" title=\"yonetim-sistem-cer-2\"><img decoding=\"async\" src=\"https:\/\/gardenofsun.com\/wp-content\/uploads\/2022\/11\/yonetim-sistem-cer-2.png\" alt=\"\" \/><\/a><\/div><\/div><div class='gallery-item'><div class='gallery-icon'><a href=\"https:\/\/gardenofsun.com\/wp-content\/uploads\/2023\/07\/tuv_surdurulebilir.jpeg\" data-gal=\"prettyPhoto[gallery-1]\" title=\"tuv_surdurulebilir\"><img decoding=\"async\" src=\"https:\/\/gardenofsun.com\/wp-content\/uploads\/2023\/07\/tuv_surdurulebilir.jpeg\" alt=\"\" \/><\/a><\/div><\/div><div class='gallery-item'><div class='gallery-icon'><a href=\"https:\/\/gardenofsun.com\/wp-content\/uploads\/2023\/07\/tuv_surdurulebilir_2.jpeg.jpeg\" data-gal=\"prettyPhoto[gallery-1]\" title=\"tuv_surdurulebilir_2.jpeg\"><img decoding=\"async\" src=\"https:\/\/gardenofsun.com\/wp-content\/uploads\/2023\/07\/tuv_surdurulebilir_2.jpeg.jpeg\" alt=\"\" \/><\/a><\/div><\/div><div class='gallery-item'><div class='gallery-icon'><a href=\"https:\/\/gardenofsun.com\/wp-content\/uploads\/2025\/05\/surdurulebilir1.jpg\" data-gal=\"prettyPhoto[gallery-1]\" title=\"s\u00fcrd\u00fcr\u00fclebilir1\"><img decoding=\"async\" src=\"https:\/\/gardenofsun.com\/wp-content\/uploads\/2025\/05\/surdurulebilir1.jpg\" alt=\"\" \/><\/a><\/div><\/div><div class='gallery-item'><div class='gallery-icon'><a href=\"https:\/\/gardenofsun.com\/wp-content\/uploads\/2025\/05\/surdurulebilir2.jpg\" data-gal=\"prettyPhoto[gallery-1]\" title=\"s\u00fcrd\u00fcr\u00fclebilir2\"><img decoding=\"async\" src=\"https:\/\/gardenofsun.com\/wp-content\/uploads\/2025\/05\/surdurulebilir2.jpg\" alt=\"\" \/><\/a><\/div><\/div><div class='gallery-item'><div class='gallery-icon'><a href=\"https:\/\/gardenofsun.com\/wp-content\/uploads\/2022\/10\/sifir-atik.jpg\" data-gal=\"prettyPhoto[gallery-1]\" title=\"s\u0131f\u0131r at\u0131k\"><img decoding=\"async\" src=\"https:\/\/gardenofsun.com\/wp-content\/uploads\/2022\/10\/sifir-atik.jpg\" alt=\"\" \/><\/a><\/div><\/div><div class='gallery-item'><div class='gallery-icon'><a href=\"https:\/\/gardenofsun.com\/wp-content\/uploads\/2025\/05\/sertifika3.jpeg\" data-gal=\"prettyPhoto[gallery-1]\" title=\"sertifika3\"><img decoding=\"async\" src=\"https:\/\/gardenofsun.com\/wp-content\/uploads\/2025\/05\/sertifika3.jpeg\" alt=\"\" \/><\/a><\/div><\/div>\n\t\t\t<br style='clear: both;' \/>\n\t\t<\/div>\n\n<p>[\/vc_column_text][\/vc_column][\/vc_row]<\/p>\n","protected":false},"excerpt":{"rendered":"<p>[vc_row][vc_column][vc_column_text] [\/vc_column_text][\/vc_column][\/vc_row]<\/p>\n<a href=\"https:\/\/gardenofsun.com\/de\/zertifikate-und-auszeichnungen\/\" class=\"sohohotel-more-link\">Read More<i class=\"fa fa-angle-right\"><\/i><\/a>","protected":false},"author":3,"featured_media":0,"parent":0,"menu_order":0,"comment_status":"closed","ping_status":"closed","template":"","meta":{"footnotes":""},"class_list":["post-2924","page","type-page","status-publish","hentry"],"_links":{"self":[{"href":"https:\/\/gardenofsun.com\/de\/wp-json\/wp\/v2\/pages\/2924\/"}],"collection":[{"href":"https:\/\/gardenofsun.com\/de\/wp-json\/wp\/v2\/pages\/"}],"about":[{"href":"https:\/\/gardenofsun.com\/de\/wp-json\/wp\/v2\/types\/page\/"}],"author":[{"embeddable":true,"href":"https:\/\/gardenofsun.com\/de\/wp-json\/wp\/v2\/users\/3\/"}],"replies":[{"embeddable":true,"href":"https:\/\/gardenofsun.com\/de\/wp-json\/wp\/v2\/comments\/?post=2924"}],"version-history":[{"count":1,"href":"https:\/\/gardenofsun.com\/de\/wp-json\/wp\/v2\/pages\/2924\/revisions\/"}],"predecessor-version":[{"id":2925,"href":"https:\/\/gardenofsun.com\/de\/wp-json\/wp\/v2\/pages\/2924\/revisions\/2925\/"}],"wp:attachment":[{"href":"https:\/\/gardenofsun.com\/de\/wp-json\/wp\/v2\/media\/?parent=2924"}],"curies":[{"name":"wp","href":"https:\/\/api.w.org\/{rel}","templated":true}]}}