{"id":2917,"date":"2026-02-27T14:54:37","date_gmt":"2026-02-27T11:54:37","guid":{"rendered":"https:\/\/gardenofsun.com\/?page_id=2917"},"modified":"2026-02-27T14:54:49","modified_gmt":"2026-02-27T11:54:49","slug":"lebensmittelsicherheit","status":"publish","type":"page","link":"https:\/\/gardenofsun.com\/de\/lebensmittelsicherheit\/","title":{"rendered":"Lebensmittelsicherheit"},"content":{"rendered":"<p>[vc_row][vc_column][vc_column_text]<\/p>\n<p style=\"text-align: center;\">LEBENSMITTELSICHERHEIT<br \/>\nGARDEN OF SUN HOTEL<br \/>\nLEBENSMITTELSICHERHEITSPOLITIK<\/p>\n<p style=\"text-align: center;\">Als Garden Of Sun Hotel betrachten wir es als grundlegendes Prinzip, alle Prozesse der Lebensmittelproduktion und -pr\u00e4sentation in \u00dcbereinstimmung mit den geltenden Gesetzen und regulatorischen Anforderungen sowie im Einklang mit nationalen Rechtsvorschriften und internationalen Standards durchzuf\u00fchren.<\/p>\n<p style=\"text-align: center;\">Wir streben an, unsere Produkte gem\u00e4\u00df den Grunds\u00e4tzen der Lebensmittelsicherheit herzustellen und zu pr\u00e4sentieren sowie die G\u00e4stezufriedenheit auf das in unserer Qualit\u00e4tspolitik festgelegte Niveau zu heben.<\/p>\n<p style=\"text-align: center;\">In diesem Zusammenhang verpflichten wir uns zur Gew\u00e4hrleistung der Lebensmittelsicherheit:<br \/>\n\u2022 Sicherzustellen, dass unsere fachkundigen Mitarbeitenden Schulungen in den Bereichen sichere Lebensmittelproduktion, Hygiene und Sanit\u00e4rma\u00dfnahmen erhalten, um ihre Kompetenzen im Bereich Lebensmittelsicherheit kontinuierlich zu steigern,<br \/>\n\u2022 Innerhalb der Lebensmittelproduktionskette wirksame Kommunikationskan\u00e4le mit internen und externen Parteien einzurichten,<br \/>\n\u2022 Von der Beschaffung bis zur Pr\u00e4sentation potenzielle Gefahren f\u00fcr die Lebensmittelsicherheit zu identifizieren und die erforderlichen vorbeugenden Ma\u00dfnahmen zu ergreifen, um diese Risiken zu vermeiden,<br \/>\n\u2022 Durch die kontinuierliche Weiterentwicklung und Verbesserung der Ziele des Lebensmittelsicherheits-Managementsystems sowie durch Ma\u00dfnahmen zur Sicherstellung der Kundenzufriedenheit die Herstellung qualitativ<\/p>\n<p>[\/vc_column_text][\/vc_column][\/vc_row]<\/p>\n","protected":false},"excerpt":{"rendered":"<p>[vc_row][vc_column][vc_column_text] LEBENSMITTELSICHERHEIT GARDEN OF SUN HOTEL LEBENSMITTELSICHERHEITSPOLITIK Als Garden Of Sun Hotel betrachten wir es als grundlegendes Prinzip, alle Prozesse der Lebensmittelproduktion und -pr\u00e4sentation in \u00dcbereinstimmung mit den geltenden Gesetzen und regulatorischen Anforderungen sowie im Einklang mit nationalen Rechtsvorschriften und internationalen Standards durchzuf\u00fchren. Wir streben an, unsere Produkte gem\u00e4\u00df den Grunds\u00e4tzen der Lebensmittelsicherheit herzustellen und<\/p>\n<a href=\"https:\/\/gardenofsun.com\/de\/lebensmittelsicherheit\/\" class=\"sohohotel-more-link\">Read More<i class=\"fa fa-angle-right\"><\/i><\/a>","protected":false},"author":3,"featured_media":0,"parent":0,"menu_order":0,"comment_status":"closed","ping_status":"closed","template":"","meta":{"footnotes":""},"class_list":["post-2917","page","type-page","status-publish","hentry"],"_links":{"self":[{"href":"https:\/\/gardenofsun.com\/de\/wp-json\/wp\/v2\/pages\/2917\/"}],"collection":[{"href":"https:\/\/gardenofsun.com\/de\/wp-json\/wp\/v2\/pages\/"}],"about":[{"href":"https:\/\/gardenofsun.com\/de\/wp-json\/wp\/v2\/types\/page\/"}],"author":[{"embeddable":true,"href":"https:\/\/gardenofsun.com\/de\/wp-json\/wp\/v2\/users\/3\/"}],"replies":[{"embeddable":true,"href":"https:\/\/gardenofsun.com\/de\/wp-json\/wp\/v2\/comments\/?post=2917"}],"version-history":[{"count":2,"href":"https:\/\/gardenofsun.com\/de\/wp-json\/wp\/v2\/pages\/2917\/revisions\/"}],"predecessor-version":[{"id":2919,"href":"https:\/\/gardenofsun.com\/de\/wp-json\/wp\/v2\/pages\/2917\/revisions\/2919\/"}],"wp:attachment":[{"href":"https:\/\/gardenofsun.com\/de\/wp-json\/wp\/v2\/media\/?parent=2917"}],"curies":[{"name":"wp","href":"https:\/\/api.w.org\/{rel}","templated":true}]}}