{"id":2913,"date":"2026-02-27T14:49:53","date_gmt":"2026-02-27T11:49:53","guid":{"rendered":"https:\/\/gardenofsun.com\/?page_id=2913"},"modified":"2026-02-27T14:49:53","modified_gmt":"2026-02-27T11:49:53","slug":"gaestebetreuungsmanagement","status":"publish","type":"page","link":"https:\/\/gardenofsun.com\/de\/gaestebetreuungsmanagement\/","title":{"rendered":"G\u00e4stebetreuungsmanagement"},"content":{"rendered":"<p>[vc_row][vc_column][vc_column_text]GARDEN OF SUN HOTEL<br \/>\nG\u00c4STEZUFRIEDENHEITSPOLITIK<\/p>\n<p>\u201eJede Kritik ist f\u00fcr uns ein Geschenk.\u201c<\/p>\n<p>Das Garden Of Sun Hotel verfolgt im Einklang mit seiner Mission das Ziel, durch einen innovativen und unternehmerischen Ansatz die bedingungslose G\u00e4stezufriedenheit auf h\u00f6chstem Niveau zu gew\u00e4hrleisten.<\/p>\n<p>Das Garden Of Sun Hotel betrachtet seine Arbeit jeden Tag aus der Perspektive seiner G\u00e4ste, um deren Zufriedenheit sicherzustellen. Mit einem innovativen, kreativen und l\u00f6sungsorientierten Ansatz nutzt es kontinuierliche Mess- und Verbesserungsmechanismen.<\/p>\n<p>Auf Grundlage der ISO-Standards wendet das Hotel ein Qualit\u00e4tsmanagementsystem an, das auf die Zufriedenheit von G\u00e4sten und Mitarbeitenden ausgerichtet ist, und verfolgt ein entsprechendes F\u00fchrungs- und Betriebssystem.<\/p>\n<p>In diesem Sinne geh\u00f6ren die folgenden Schritte zur Umsetzung unserer Beschwerdemanagementpolitik in Bezug auf die Beschwerden, Zufriedenheit und Vorschl\u00e4ge unserer G\u00e4ste:<br \/>\n\u2022 zuh\u00f6ren,<br \/>\n\u2022 die Situation aus der Sicht unserer G\u00e4ste betrachten,<br \/>\n\u2022 untersuchen,<br \/>\n\u2022 schnelle und wirksame L\u00f6sungen entwickeln,<br \/>\n\u2022 verbessern,<br \/>\n\u2022 die Effizienz messen,<br \/>\n\u2022 dem Gast R\u00fcckmeldung geben,<br \/>\n\u2022 G\u00e4stebeschwerden in Zufriedenheit umwandeln.<\/p>\n<p>Jede Kritik unserer G\u00e4ste ist f\u00fcr uns im Garden Of Sun Hotel ein Geschenk.<br \/>\nDenn Sie sind f\u00fcr uns etwas Besonderes.[\/vc_column_text][\/vc_column][\/vc_row]<\/p>\n","protected":false},"excerpt":{"rendered":"<p>[vc_row][vc_column][vc_column_text]GARDEN OF SUN HOTEL G\u00c4STEZUFRIEDENHEITSPOLITIK \u201eJede Kritik ist f\u00fcr uns ein Geschenk.\u201c Das Garden Of Sun Hotel verfolgt im Einklang mit seiner Mission das Ziel, durch einen innovativen und unternehmerischen Ansatz die bedingungslose G\u00e4stezufriedenheit auf h\u00f6chstem Niveau zu gew\u00e4hrleisten. Das Garden Of Sun Hotel betrachtet seine Arbeit jeden Tag aus der Perspektive seiner G\u00e4ste, um<\/p>\n<a href=\"https:\/\/gardenofsun.com\/de\/gaestebetreuungsmanagement\/\" class=\"sohohotel-more-link\">Read More<i class=\"fa fa-angle-right\"><\/i><\/a>","protected":false},"author":3,"featured_media":0,"parent":0,"menu_order":0,"comment_status":"closed","ping_status":"closed","template":"","meta":{"footnotes":""},"class_list":["post-2913","page","type-page","status-publish","hentry"],"_links":{"self":[{"href":"https:\/\/gardenofsun.com\/de\/wp-json\/wp\/v2\/pages\/2913\/"}],"collection":[{"href":"https:\/\/gardenofsun.com\/de\/wp-json\/wp\/v2\/pages\/"}],"about":[{"href":"https:\/\/gardenofsun.com\/de\/wp-json\/wp\/v2\/types\/page\/"}],"author":[{"embeddable":true,"href":"https:\/\/gardenofsun.com\/de\/wp-json\/wp\/v2\/users\/3\/"}],"replies":[{"embeddable":true,"href":"https:\/\/gardenofsun.com\/de\/wp-json\/wp\/v2\/comments\/?post=2913"}],"version-history":[{"count":1,"href":"https:\/\/gardenofsun.com\/de\/wp-json\/wp\/v2\/pages\/2913\/revisions\/"}],"predecessor-version":[{"id":2914,"href":"https:\/\/gardenofsun.com\/de\/wp-json\/wp\/v2\/pages\/2913\/revisions\/2914\/"}],"wp:attachment":[{"href":"https:\/\/gardenofsun.com\/de\/wp-json\/wp\/v2\/media\/?parent=2913"}],"curies":[{"name":"wp","href":"https:\/\/api.w.org\/{rel}","templated":true}]}}