{"id":2910,"date":"2026-02-27T14:47:31","date_gmt":"2026-02-27T11:47:31","guid":{"rendered":"https:\/\/gardenofsun.com\/?page_id=2910"},"modified":"2026-02-27T14:48:27","modified_gmt":"2026-02-27T11:48:27","slug":"nachhaltigkeit","status":"publish","type":"page","link":"https:\/\/gardenofsun.com\/de\/nachhaltigkeit\/","title":{"rendered":"Nachhaltigkeit"},"content":{"rendered":"<p>[vc_row][vc_column width=&#8221;1\/2&#8243;][vc_column_text]<\/p>\n<p style=\"text-align: left;\">Nachhaltigkeit<br \/>\nNACHHALTIGE BESCHAFFUNGSPOLITIK DES GARDEN OF SUN HOTEL<\/p>\n<p style=\"text-align: left;\">Als Garden of Sun Hotel streben wir an, durch unsere Beschaffungsaktivit\u00e4ten eine nachhaltige Entwicklung insbesondere in unserer Region sowie in unserem Land zu f\u00f6rdern. In diesem Zusammenhang umfasst unsere Politik:<br \/>\n\u2022 Die F\u00f6rderung des verantwortungsvollen Ressourceneinsatzes bei unseren Eink\u00e4ufen, die Vermeidung unn\u00f6tiger Beschaffungen und die Bevorzugung von Produkten mit m\u00f6glichst geringer Umweltbelastung.<br \/>\n\u2022 Die Reduzierung des Klimawandels durch verantwortungsvolle Beschaffung und Konsum sowie durch die Bevorzugung von Produkten und Dienstleistungen mit geringerem CO\u2082-Fu\u00dfabdruck.<br \/>\n\u2022 Den Vorrang f\u00fcr Lieferanten in n\u00e4chster N\u00e4he unserer T\u00e4tigkeit sowie die Bevorzugung lokaler und nationaler Produzenten\/Dienstleister.<br \/>\n\u2022 Die Bevorzugung umweltfreundlicher, f\u00fcr den kollektiven Verbrauch geeigneter und nachf\u00fcllbarer Produkte.<br \/>\n\u2022 Die Minimierung von Verpackungsabf\u00e4llen, die Vermeidung von Umweltverschmutzung an der Quelle, soweit m\u00f6glich der Verzicht auf Produkte mit Kunststoffverpackung sowie die Beschaffung von Produkten mit recycelbarer Verpackung.<br \/>\n\u2022 Die Ber\u00fccksichtigung von Lieferanten und Gesch\u00e4ftspartnern, die \u00fcber Qualit\u00e4tsmanagementsysteme, Umwelt- sowie Arbeits- und Gesundheitsschutzmanagementsysteme und international anerkannte Umwelt- und Nachhaltigkeitszertifikate\/-labels verf\u00fcgen.<br \/>\n\u2022 Die Durchf\u00fchrung von Beschaffungen, die umweltfreundliche, sparsame, regionale und ethische Alternativen bieten, recycelbare oder recycelte Materialien verwenden, sowie organische, Bio-, vegane, tierversuchsfreie und schadstofffreie Produkte umfassen.<br \/>\n\u2022 Die Vermeidung von Praktiken und Beschaffungen, die bei pflanzlichen, tierischen und aquatischen Produkten das Aussterben von Arten gef\u00e4hrden.<br \/>\n\u2022 Die Auswahl von Lieferanten und Produkten, die den sozialen und \u00f6kologischen Vorschriften entsprechen, sowie die Sicherstellung der Achtung der Menschenrechte und des fairen Handels in der Lieferkette.<br \/>\n\u2022 Die Bevorzugung von Produkten\/Dienstleistungen, die die K\u00fcche, Traditionen und Kultur unseres Landes\/unserer Region widerspiegeln und f\u00f6rdern.<br \/>\n\u2022 Die Sensibilisierung und F\u00f6rderung unserer Lieferanten und Stakeholder im Bereich gr\u00fcne Wirtschaft und Energieeffizienz.<\/p>\n<p style=\"text-align: left;\">Diese von uns zugesicherte und umgesetzte nachhaltige Beschaffungspolitik wird allen Mitarbeitenden und Lieferanten bekannt gegeben und ist f\u00fcr die \u00d6ffentlichkeit und Dritte zug\u00e4nglich.<\/p>\n<p style=\"text-align: left;\">Als Hotel sind wir fest davon \u00fcberzeugt, dass eine nachhaltige Entwicklung im Tourismus eng mit erfolgreichen Beherbergungsbetrieben und unternehmerischer Verantwortung verbunden ist. In all unseren Beziehungen zu G\u00e4sten, Mitarbeitenden, unserer Umwelt, lokalen Gemeinschaften und s\u00e4mtlichen Stakeholdern messen wir der unternehmerischen Nachhaltigkeit h\u00f6chste Bedeutung bei und stellen sicher, dass Nachhaltigkeit Teil all unseres Handelns ist.<\/p>\n<p style=\"text-align: left;\">Im Rahmen unserer T\u00e4tigkeiten verpflichten wir uns:<br \/>\nDie Auswirkungen auf die Umwelt auf ein Minimum zu reduzieren,<br \/>\nDie Gesundheit und Sicherheit unserer Mitarbeitenden, G\u00e4ste und anderer Stakeholder zu sch\u00fctzen,<br \/>\nEine offene Kommunikation zu Nachhaltigkeitsthemen mit allen Stakeholdern und Mitarbeitenden sicherzustellen,<br \/>\nRichtlinien umzusetzen und Ziele in den Bereichen Umwelt, Gesellschaft, Kultur, Wirtschaft, Qualit\u00e4t, Menschenrechte, Gesundheit und Sicherheit festzulegen,<\/p>\n<p>[\/vc_column_text][\/vc_column][vc_column width=&#8221;1\/2&#8243;][vc_column_text]<\/p>\n<ul>\n<li>\n<p style=\"text-align: left;\">Eine kontinuierliche und offene Kommunikation mit zivilgesellschaftlichen Organisationen in unserem Umfeld zu pflegen,<br \/>\nBei Beschaffungen Institutionen zu bevorzugen, die Nachhaltigkeit und ethischen Grunds\u00e4tzen Bedeutung beimessen, und diese bei Bedarf als Dienstleister auszuw\u00e4hlen,<br \/>\nBei allen Mitarbeitenden ein hohes Bewusstsein f\u00fcr Nachhaltigkeit zu schaffen,<br \/>\nUnsere j\u00e4hrlichen Nachhaltigkeitsberichte mit allen Stakeholdern zu teilen,<br \/>\nVerbesserungsziele f\u00fcr unsere Nachhaltigkeitsleistung festzulegen und die Fortschritte j\u00e4hrlich zu \u00fcberpr\u00fcfen,<br \/>\nR\u00fcckmeldungen von allen Stakeholdern, insbesondere von unseren G\u00e4sten, einzuholen und bei Bedarf Korrekturma\u00dfnahmen zu ergreifen,<br \/>\nUnsere Nachhaltigkeitsziele, -richtlinien und -ma\u00dfnahmen entsprechend sich \u00e4ndernder Anforderungen kontinuierlich zu \u00fcberwachen, zu verbessern und zu aktualisieren,<\/p>\n<p style=\"text-align: left;\">Hiermit verpflichten wir uns.<\/p>\n<p style=\"text-align: left;\">Generaldirektor<br \/>\n01.04.2024<\/p>\n<\/li>\n<\/ul>\n<p>[\/vc_column_text][\/vc_column][\/vc_row]<\/p>\n","protected":false},"excerpt":{"rendered":"<p>[vc_row][vc_column width=&#8221;1\/2&#8243;][vc_column_text] Nachhaltigkeit NACHHALTIGE BESCHAFFUNGSPOLITIK DES GARDEN OF SUN HOTEL Als Garden of Sun Hotel streben wir an, durch unsere Beschaffungsaktivit\u00e4ten eine nachhaltige Entwicklung insbesondere in unserer Region sowie in unserem Land zu f\u00f6rdern. In diesem Zusammenhang umfasst unsere Politik: \u2022 Die F\u00f6rderung des verantwortungsvollen Ressourceneinsatzes bei unseren Eink\u00e4ufen, die Vermeidung unn\u00f6tiger Beschaffungen und die<\/p>\n<a href=\"https:\/\/gardenofsun.com\/de\/nachhaltigkeit\/\" class=\"sohohotel-more-link\">Read More<i class=\"fa fa-angle-right\"><\/i><\/a>","protected":false},"author":3,"featured_media":0,"parent":0,"menu_order":0,"comment_status":"closed","ping_status":"closed","template":"","meta":{"footnotes":""},"class_list":["post-2910","page","type-page","status-publish","hentry"],"_links":{"self":[{"href":"https:\/\/gardenofsun.com\/de\/wp-json\/wp\/v2\/pages\/2910\/"}],"collection":[{"href":"https:\/\/gardenofsun.com\/de\/wp-json\/wp\/v2\/pages\/"}],"about":[{"href":"https:\/\/gardenofsun.com\/de\/wp-json\/wp\/v2\/types\/page\/"}],"author":[{"embeddable":true,"href":"https:\/\/gardenofsun.com\/de\/wp-json\/wp\/v2\/users\/3\/"}],"replies":[{"embeddable":true,"href":"https:\/\/gardenofsun.com\/de\/wp-json\/wp\/v2\/comments\/?post=2910"}],"version-history":[{"count":2,"href":"https:\/\/gardenofsun.com\/de\/wp-json\/wp\/v2\/pages\/2910\/revisions\/"}],"predecessor-version":[{"id":2912,"href":"https:\/\/gardenofsun.com\/de\/wp-json\/wp\/v2\/pages\/2910\/revisions\/2912\/"}],"wp:attachment":[{"href":"https:\/\/gardenofsun.com\/de\/wp-json\/wp\/v2\/media\/?parent=2910"}],"curies":[{"name":"wp","href":"https:\/\/api.w.org\/{rel}","templated":true}]}}