{"id":2907,"date":"2025-03-17T12:55:08","date_gmt":"2025-03-17T09:55:08","guid":{"rendered":"https:\/\/gardenofsun.com\/kalite-politikasi\/"},"modified":"2026-02-27T14:46:13","modified_gmt":"2026-02-27T11:46:13","slug":"qualitaetspolika","status":"publish","type":"page","link":"https:\/\/gardenofsun.com\/de\/qualitaetspolika\/","title":{"rendered":"Qualit\u00e4tspolika"},"content":{"rendered":"<p>[vc_row][vc_column][vc_column_text]<\/p>\n<p style=\"text-align: center;\"><strong>GARDEN OF SUN HOTEL<\/strong><br \/>\n<strong>QUALIT\u00c4TSPOLITIK<\/strong><\/p>\n<p style=\"text-align: center;\">Als Garden Of Sun Hotel in Didim basiert unsere Qualit\u00e4tspolitik auf folgenden Grunds\u00e4tzen:<\/p>\n<ul style=\"text-align: center;\">\n<li>Mit bedingungsloser G\u00e4stezufriedenheit und angemessener Mitarbeiterzufriedenheit schaffen wir auf Grundlage der ISO-Standards und unseres international akkreditierten Qualit\u00e4tsmanagementsystems ein serviceorientiertes Verst\u00e4ndnis, das sich auf die Zufriedenheit von G\u00e4sten und Mitarbeitenden konzentriert.<\/li>\n<li>Vermeidung von Umweltverschmutzung an der Quelle, F\u00f6rderung von Recycling sowie St\u00e4rkung des Umweltbewusstseins bei allen Mitarbeitenden.<\/li>\n<li>Gew\u00e4hrleistung der Sicherheit unserer G\u00e4ste und Mitarbeitenden sowie Pr\u00e4vention von Arbeitsunf\u00e4llen und Berufskrankheiten durch Identifizierung von Arbeitsschutzrisiken und Umsetzung risikomindernder Ma\u00dfnahmen.<\/li>\n<li>Aufbau eines vorbildlichen Management- und Betriebssystems durch kontinuierliche Mess- und Verbesserungsmechanismen.<\/li>\n<li>Kontinuierliche Schulung und Weiterentwicklung durch die vollst\u00e4ndige Beteiligung aller Mitarbeitenden.<\/li>\n<\/ul>\n<p style=\"text-align: center;\">WIR VERPFLICHTEN UNS, ALLE UNSERE DIENSTLEISTUNGEN IM EINKLANG MIT DEN INTERNATIONALEN STANDARDS ISO 9001:2015, ISO 22000:2018, ISO 14001:2015, ISO 45001:2018 UND ISO 10002:2018 DURCHZUF\u00dcHREN UND STETIG WEITERZUENTWICKELN.<\/p>\n<p>[\/vc_column_text][\/vc_column][\/vc_row]<\/p>\n","protected":false},"excerpt":{"rendered":"<p>[vc_row][vc_column][vc_column_text] GARDEN OF SUN HOTEL QUALIT\u00c4TSPOLITIK Als Garden Of Sun Hotel in Didim basiert unsere Qualit\u00e4tspolitik auf folgenden Grunds\u00e4tzen: Mit bedingungsloser G\u00e4stezufriedenheit und angemessener Mitarbeiterzufriedenheit schaffen wir auf Grundlage der ISO-Standards und unseres international akkreditierten Qualit\u00e4tsmanagementsystems ein serviceorientiertes Verst\u00e4ndnis, das sich auf die Zufriedenheit von G\u00e4sten und Mitarbeitenden konzentriert. Vermeidung von Umweltverschmutzung an der Quelle,<\/p>\n<a href=\"https:\/\/gardenofsun.com\/de\/qualitaetspolika\/\" class=\"sohohotel-more-link\">Read More<i class=\"fa fa-angle-right\"><\/i><\/a>","protected":false},"author":3,"featured_media":0,"parent":0,"menu_order":0,"comment_status":"closed","ping_status":"closed","template":"","meta":{"footnotes":""},"class_list":["post-2907","page","type-page","status-publish","hentry"],"_links":{"self":[{"href":"https:\/\/gardenofsun.com\/de\/wp-json\/wp\/v2\/pages\/2907\/"}],"collection":[{"href":"https:\/\/gardenofsun.com\/de\/wp-json\/wp\/v2\/pages\/"}],"about":[{"href":"https:\/\/gardenofsun.com\/de\/wp-json\/wp\/v2\/types\/page\/"}],"author":[{"embeddable":true,"href":"https:\/\/gardenofsun.com\/de\/wp-json\/wp\/v2\/users\/3\/"}],"replies":[{"embeddable":true,"href":"https:\/\/gardenofsun.com\/de\/wp-json\/wp\/v2\/comments\/?post=2907"}],"version-history":[{"count":2,"href":"https:\/\/gardenofsun.com\/de\/wp-json\/wp\/v2\/pages\/2907\/revisions\/"}],"predecessor-version":[{"id":2909,"href":"https:\/\/gardenofsun.com\/de\/wp-json\/wp\/v2\/pages\/2907\/revisions\/2909\/"}],"wp:attachment":[{"href":"https:\/\/gardenofsun.com\/de\/wp-json\/wp\/v2\/media\/?parent=2907"}],"curies":[{"name":"wp","href":"https:\/\/api.w.org\/{rel}","templated":true}]}}