{"id":2904,"date":"2026-02-27T14:42:45","date_gmt":"2026-02-27T11:42:45","guid":{"rendered":"https:\/\/gardenofsun.com\/?page_id=2904"},"modified":"2026-02-27T14:42:52","modified_gmt":"2026-02-27T11:42:52","slug":"mission-und-vision","status":"publish","type":"page","link":"https:\/\/gardenofsun.com\/de\/mission-und-vision\/","title":{"rendered":"Mission und Vision"},"content":{"rendered":"<p>[vc_row][vc_column][vc_column_text]<\/p>\n<p style=\"text-align: center;\"><strong>Mission und Vision<\/strong><\/p>\n<p style=\"text-align: center;\"><strong>UNSERE MISSION<\/strong><\/p>\n<p style=\"text-align: center;\">W\u00e4hrend wir bedingungslose G\u00e4stezufriedenheit gew\u00e4hrleisten, tragen wir mit unserem innovativen und unternehmerischen Ansatz zur Entwicklung des Tourismussektors sowie der nationalen und regionalen Wirtschaft in unserer Region Didim bei.<\/p>\n<p style=\"text-align: center;\">Wir bieten einen offenen, ehrlichen und zuverl\u00e4ssigen Beherbergungsservice, ohne von gesetzlichen, wissenschaftlichen und ethischen Prinzipien abzuweichen.<\/p>\n<p style=\"text-align: center;\">Durch kontinuierliche Schulung, Messung und Verbesserungsmethoden schaffen wir ein Management- und Betriebssystem, das st\u00e4ndige Weiterentwicklung und Erneuerung erm\u00f6glicht.<\/p>\n<p style=\"text-align: center;\"><strong>UNSERE VISION<\/strong><\/p>\n<p style=\"text-align: center;\">Zur Sicherstellung qualitativ hochwertiger Dienstleistungen entwickeln wir kontinuierlich L\u00f6sungen zur Verbesserung und Weiterentwicklung und streben danach, regional eine Marke und ein f\u00fchrendes Unternehmen in unserem Bereich zu werden.<\/p>\n<p style=\"text-align: center;\">Als Einzelperson und als Institution handeln wir im Einklang mit nationalen und internationalen Gesetzen und weichen niemals von wissenschaftlichen, moralischen und ethischen Prinzipien ab. Wir bieten unseren G\u00e4sten und Mitarbeitenden respektvolle, transparente, ehrliche und qualitativ hochwertige Unterkunftsm\u00f6glichkeiten.<\/p>\n<p>[\/vc_column_text][\/vc_column][\/vc_row]<\/p>\n","protected":false},"excerpt":{"rendered":"<p>[vc_row][vc_column][vc_column_text] Mission und Vision UNSERE MISSION W\u00e4hrend wir bedingungslose G\u00e4stezufriedenheit gew\u00e4hrleisten, tragen wir mit unserem innovativen und unternehmerischen Ansatz zur Entwicklung des Tourismussektors sowie der nationalen und regionalen Wirtschaft in unserer Region Didim bei. Wir bieten einen offenen, ehrlichen und zuverl\u00e4ssigen Beherbergungsservice, ohne von gesetzlichen, wissenschaftlichen und ethischen Prinzipien abzuweichen. Durch kontinuierliche Schulung, Messung und<\/p>\n<a href=\"https:\/\/gardenofsun.com\/de\/mission-und-vision\/\" class=\"sohohotel-more-link\">Read More<i class=\"fa fa-angle-right\"><\/i><\/a>","protected":false},"author":3,"featured_media":0,"parent":0,"menu_order":0,"comment_status":"closed","ping_status":"closed","template":"","meta":{"footnotes":""},"class_list":["post-2904","page","type-page","status-publish","hentry"],"_links":{"self":[{"href":"https:\/\/gardenofsun.com\/de\/wp-json\/wp\/v2\/pages\/2904\/"}],"collection":[{"href":"https:\/\/gardenofsun.com\/de\/wp-json\/wp\/v2\/pages\/"}],"about":[{"href":"https:\/\/gardenofsun.com\/de\/wp-json\/wp\/v2\/types\/page\/"}],"author":[{"embeddable":true,"href":"https:\/\/gardenofsun.com\/de\/wp-json\/wp\/v2\/users\/3\/"}],"replies":[{"embeddable":true,"href":"https:\/\/gardenofsun.com\/de\/wp-json\/wp\/v2\/comments\/?post=2904"}],"version-history":[{"count":1,"href":"https:\/\/gardenofsun.com\/de\/wp-json\/wp\/v2\/pages\/2904\/revisions\/"}],"predecessor-version":[{"id":2905,"href":"https:\/\/gardenofsun.com\/de\/wp-json\/wp\/v2\/pages\/2904\/revisions\/2905\/"}],"wp:attachment":[{"href":"https:\/\/gardenofsun.com\/de\/wp-json\/wp\/v2\/media\/?parent=2904"}],"curies":[{"name":"wp","href":"https:\/\/api.w.org\/{rel}","templated":true}]}}